
{"id":12936,"date":"2022-07-20T18:09:09","date_gmt":"2022-07-20T17:09:09","guid":{"rendered":"https:\/\/mooveteam.com\/support-ticket\/"},"modified":"2022-12-15T14:04:43","modified_gmt":"2022-12-15T14:04:43","slug":"pomocy-technicznej","status":"publish","type":"page","link":"https:\/\/mooveteam.com\/pl\/pomocy-technicznej\/","title":{"rendered":"Pomocy technicznej"},"content":{"rendered":"<section id=\"section-14-303\" class=\" ct-section scroll-scale-down overflow-hidden\" ><div class=\"ct-section-inner-wrap\"><div id=\"div_block-25-303\" class=\"ct-div-block w-full p-pagina bg-alt hero-animation py-12\" ><div id=\"div_block-15-303\" class=\"ct-div-block w-full grid grid-cols-2 gap-8 items-center md-grid-cols-1 max-w-page mx-auto\" ><div id=\"div_block-16-303\" class=\"ct-div-block \" ><h1 id=\"headline-18-303\" class=\"ct-headline mb-6 font-semibold color-primary text-4xl\">Otw\u00f3rz bilet pomocy technicznej<\/h1><div id=\"_rich_text-27-303\" class=\"oxy-rich-text color-extra-color-4\" ><p><span style=\"white-space: pre-wrap;\">Je\u015bli nie znalaz\u0142e\u015b odpowiedzi na swoje pytania w naszej sekcji FAQ, prze\u015blij zg\u0142oszenie pomocy technicznej za pomoc\u0105 poni\u017cszego formularza. Nasz zesp&oacute;\u0142 skontaktuje si\u0119 z Tob\u0105 w ci\u0105gu 24 godzin. Je\u015bli jeste\u015b uczestnikiem dzia\u0142ania mooveTEAM, skontaktuj si\u0119 z organizatorem wydarzenia, aby uzyska\u0107 szybk\u0105 odpowied\u017a.<\/span><\/p><\/div><\/div><img decoding=\"async\"  id=\"image-23-303\" alt=\"\" src=\"https:\/\/mooveteam.com\/wp-content\/uploads\/2022\/09\/suppot-ilustration.svg\" class=\"ct-image object-contain md-order-first lg-order-first my-auto\"\/><\/div><\/div><\/div><\/section>\n\n<section id=\"section-84-291\" class=\" ct-section bg-extra-color-14\" ><div class=\"ct-section-inner-wrap\"><div id=\"code_block-198-296\" class=\"ct-code-block mx-auto w-full\" ><div class=\"bg-white rounded-full w-full shadow-moove\">\n\t<form method=\"get\" id=\"searchform\" action=\"https:\/\/mooveteam.com\/faq\/\" >\n\t\t<div class=\"horizontal p-2\">\n\t\t\t<input type=\"text\" value=\"<br \/>\n<b>Warning<\/b>:  Undefined array key \"_search\" in <b>\/home\/u533428691\/domains\/mooveteam.com\/public_html\/wp-content\/plugins\/oxygen\/component-framework\/components\/classes\/code-block.class.php(133) : eval()'d code<\/b> on line <b>4<\/b><br \/>\n\" placeholder=\"Search  for answers\" name=\"_search\" id=\"search-faq\" class=\"w-full ml-1\" \/>\n\t\t\t<input type=\"submit\" id=\"searchsubmit\" class=\"ct-link-text color-white bg-extra-color-3 rounded-full px-8 py-2 slide_diagonal_extra_color_6 border-none\" value=\"Search\" \/>\n\t\t<\/div>\n\t<\/form>\n<\/div><\/div><\/div><\/section>\n\n<section id=\"section-2-308\" class=\" ct-section\" ><div class=\"ct-section-inner-wrap\"><div id=\"shortcode-3-308\" class=\"ct-shortcode mx-auto\" ><div class='fluentform ff-default fluentform_wrapper_5 ffs_custom_wrap'><form data-form_id=\"5\" id=\"fluentform_5\" class=\"frm-fluent-form fluent_form_5 ff-el-form-top ff_form_instance_5_1 ff-form-loading ffs_custom\" data-form_instance=\"ff_form_instance_5_1\" method=\"POST\" ><fieldset  style=\"border: none!important;margin: 0!important;padding: 0!important;background-color: transparent!important;box-shadow: none!important;outline: none!important; min-inline-size: 100%;\">\n                    <legend class=\"ff_screen_reader_title\" style=\"display: block; margin: 0!important;padding: 0!important;height: 0!important;text-indent: -999999px;width: 0!important;overflow:hidden;\">support ticket<\/legend>        <div\n                style=\"display: none!important; position: absolute!important; transform: translateX(1000%)!important;\"\n                class=\"ff-el-group ff-hpsf-container\"\n        >\n            <div class=\"ff-el-input--label asterisk-right\">\n                <label for=\"ff_5_item_sf\" aria-label=\"Notify\">\n                    Notify                <\/label>\n            <\/div>\n            <div class=\"ff-el-input--content\">\n                <input type=\"text\"\n                       name=\"item_5__fluent_sf\"\n                       class=\"ff-el-form-control\"\n                       id=\"ff_5_item_sf\"\n                \/>\n            <\/div>\n        <\/div>\n        <input type='hidden' name='__fluent_form_embded_post_id' value='12936' \/><input type=\"hidden\" id=\"_fluentform_5_fluentformnonce\" name=\"_fluentform_5_fluentformnonce\" value=\"bebe8f6c13\" \/><input type=\"hidden\" name=\"_wp_http_referer\" value=\"\/pl\/wp-json\/wp\/v2\/pages\/12936\" \/><div data-type=\"name-element\" data-name=\"names\" class=\" ff-field_container ff-name-field-wrapper font-text\" ><div class='ff-t-container'><div class='ff-t-cell '><div class='ff-el-group  ff-el-form-hide_label'><div class=\"ff-el-input--label asterisk-right\"><label for='ff_5_names_first_name_' id='label_ff_5_names_first_name_' >name<\/label><\/div><div class='ff-el-input--content'><input type=\"text\" name=\"names[first_name]\" id=\"ff_5_names_first_name_\" class=\"ff-el-form-control\" placeholder=\"Your Name*\" aria-invalid=\"false\" aria-required=false><\/div><\/div><\/div><\/div><\/div><div class='ff-el-group ff-el-form-hide_label'><div class=\"ff-el-input--label ff-el-is-required asterisk-right\"><label for='ff_5_email' id='label_ff_5_email' aria-label=\"Email\">Email<\/label><\/div><div class='ff-el-input--content'><input type=\"email\" name=\"email\" id=\"ff_5_email\" class=\"ff-el-form-control font-text\" placeholder=\"Email address\" data-name=\"email\"  aria-invalid=\"false\" aria-required=true><\/div><\/div><div class='ff-el-group ff-el-form-hide_label'><div class=\"ff-el-input--label asterisk-right\"><label for='ff_5_Company_name' id='label_ff_5_Company_name' >Company name<\/label><\/div><div class='ff-el-input--content'><input type=\"text\" name=\"Company_name\" class=\"ff-el-form-control font-text\" placeholder=\"Company name\" data-name=\"Company_name\" id=\"ff_5_Company_name\"  aria-invalid=\"false\" aria-required=false><\/div><\/div><div class='ff-el-group ff-el-form-hide_label'><div class=\"ff-el-input--label asterisk-right\"><label for='ff_5_input_text' id='label_ff_5_input_text' aria-label=\"Text Input\">Text Input<\/label><\/div><div class='ff-el-input--content'><input type=\"text\" name=\"input_text\" class=\"ff-el-form-control\" placeholder=\"Subject*\" data-name=\"input_text\" id=\"ff_5_input_text\"  aria-invalid=\"false\" aria-required=false><\/div><\/div><div class='ff-el-group ff-el-form-hide_label'><div class=\"ff-el-input--label ff-el-is-required asterisk-right\"><label for='ff_5_message' id='label_ff_5_message' aria-label=\"Your Message\">Your Message<\/label><\/div><div class='ff-el-input--content'><textarea aria-required=\"true\" aria-labelledby=\"label_ff_5_message\" name=\"message\" id=\"ff_5_message\" class=\"ff-el-form-control font-text\" placeholder=\"Your message\" rows=\"4\" cols=\"2\" maxlength=\"500\" data-name=\"message\" ><\/textarea><\/div><\/div><div class='ff-el-group ff-el-form-hide_label'><div class='ff-el-input--content'><label for='ff_5_file-upload_1' class='ff_file_upload_holder'><span class='ff_upload_btn ff-btn' tabindex='0'>Attach File<\/span> <input type=\"file\" name=\"file-upload\" id=\"ff_5_file-upload_1\" class=\"ff-el-form-control  ff-screen-reader-element\" data-name=\"file-upload\" multiple=\"1\"  aria-invalid='false' aria-required=false><\/label><\/div><\/div><div class='ff-el-group  font-text color-primary  ff-el-input--content'><div class='ff-el-form-check ff-el-tc'><label aria-label='I consent to have this website store my submitted information so they can respond to my inquiry' class='ff-el-form-check-label ff_tc_label' for=gdpr-agreement_b6532e1ec5d3ad194af877954d7df793><span class='ff_tc_checkbox'><input type=\"checkbox\" name=\"gdpr-agreement\" class=\"ff-el-form-check-input ff_gdpr_field\" data-name=\"gdpr-agreement\" id=\"gdpr-agreement_b6532e1ec5d3ad194af877954d7df793\"  value='on' aria-invalid='false' aria-required=true><\/span> <div class='ff_t_c'>I consent to have this website store my submitted information so they can respond to my inquiry<\/div><\/label><\/div><\/div><div class='ff-el-group ' ><div class='ff-el-input--content'><div data-fluent_id='5' name='g-recaptcha-response'><div\n\t\tdata-sitekey='6LcVkgwqAAAAAK8WM3thQOgMNZrq0YHtmT5mWHYR'\n\t\tid='fluentform-recaptcha-5-1'\n\t\tclass='ff-el-recaptcha g-recaptcha'\n\t\tdata-callback='fluentFormrecaptchaSuccessCallback'><\/div><\/div><\/div><\/div><div class='ff-el-group ff-text-right ff_submit_btn_wrapper'><button type=\"submit\" class=\"ff-btn ff-btn-submit ff-btn-md ff_btn_style wpf_has_custom_css\"  aria-label=\"Submit Ticket\">Submit Ticket<\/button><\/div><\/fieldset><\/form><div id='fluentform_5_errors' class='ff-errors-in-stack ff_form_instance_5_1 ff-form-loading_errors ff_form_instance_5_1_errors'><\/div><\/div>            <script type=\"text\/javascript\">\n                window.fluent_form_ff_form_instance_5_1 = {\"id\":\"5\",\"settings\":{\"layout\":{\"labelPlacement\":\"top\",\"helpMessagePlacement\":\"with_label\",\"errorMessagePlacement\":\"inline\",\"cssClassName\":\"\",\"asteriskPlacement\":\"asterisk-right\"},\"restrictions\":{\"denyEmptySubmission\":{\"enabled\":false}}},\"form_instance\":\"ff_form_instance_5_1\",\"form_id_selector\":\"fluentform_5\",\"rules\":{\"names[first_name]\":{\"required\":{\"value\":false,\"message\":\"This field is required\",\"global\":false,\"global_message\":\"This field is required\"}},\"names[middle_name]\":{\"required\":{\"value\":false,\"message\":\"This field is required\",\"global\":false,\"global_message\":\"This field is required\"}},\"names[last_name]\":{\"required\":{\"value\":false,\"message\":\"This field is required\",\"global\":false,\"global_message\":\"This field is required\"}},\"email\":{\"required\":{\"value\":true,\"message\":\"This field is required\",\"global\":false,\"global_message\":\"This field is required\"},\"email\":{\"value\":true,\"message\":\"This field must contain a valid email\",\"global\":false,\"global_message\":\"This field must contain a valid email\"}},\"Company_name\":{\"required\":{\"value\":false,\"message\":\"This field is required\",\"global\":false,\"global_message\":\"This field is required\"}},\"input_text\":{\"required\":{\"value\":false,\"message\":\"This field is required\",\"global\":false,\"global_message\":\"This field is required\"}},\"message\":{\"required\":{\"value\":true,\"message\":\"This field is required\",\"global\":false,\"global_message\":\"This field is required\"}},\"file-upload\":{\"required\":{\"value\":false,\"message\":\"This field is required\",\"global\":false,\"global_message\":\"This field is required\"},\"max_file_size\":{\"value\":1048576,\"_valueFrom\":\"MB\",\"message\":\"Maximum file size limit is 1MB\",\"global\":false,\"global_message\":\"Validation fails for maximum file size\"},\"max_file_count\":{\"value\":\"3\",\"message\":\"You can upload maximum 3 files\",\"global\":false,\"global_message\":\"Validation fails for maximum file count\"},\"allowed_file_types\":{\"value\":[\"jpg|jpeg|gif|png|bmp\",\"avi|divx|flv|mov|ogv|mkv|mp4|m4v|divx|mpg|mpeg|mpe|video\\\/quicktime|qt\"],\"message\":\"Invalid file type\",\"global\":false,\"global_message\":\"Invalid file type\"}},\"gdpr-agreement\":{\"required\":{\"value\":true,\"message\":\"This field is required\",\"global\":false,\"global_message\":\"This field is required\"}}},\"debounce_time\":300};\n                            <\/script>\n            <\/div><div id=\"code_block-4-308\" class=\"ct-code-block\" ><\/div><\/div><\/section>","protected":false},"excerpt":{"rendered":"","protected":false},"author":2,"featured_media":0,"parent":0,"menu_order":0,"comment_status":"closed","ping_status":"closed","template":"","meta":{"_acf_changed":false,"_bbp_topic_count":0,"_bbp_reply_count":0,"_bbp_total_topic_count":0,"_bbp_total_reply_count":0,"_bbp_voice_count":0,"_bbp_anonymous_reply_count":0,"_bbp_topic_count_hidden":0,"_bbp_reply_count_hidden":0,"_bbp_forum_subforum_count":0,"_lmt_disableupdate":"","_lmt_disable":"","footnotes":""},"class_list":["post-12936","page","type-page","status-publish","hentry"],"acf":[],"_links":{"self":[{"href":"https:\/\/mooveteam.com\/pl\/wp-json\/wp\/v2\/pages\/12936","targetHints":{"allow":["GET"]}}],"collection":[{"href":"https:\/\/mooveteam.com\/pl\/wp-json\/wp\/v2\/pages"}],"about":[{"href":"https:\/\/mooveteam.com\/pl\/wp-json\/wp\/v2\/types\/page"}],"author":[{"embeddable":true,"href":"https:\/\/mooveteam.com\/pl\/wp-json\/wp\/v2\/users\/2"}],"replies":[{"embeddable":true,"href":"https:\/\/mooveteam.com\/pl\/wp-json\/wp\/v2\/comments?post=12936"}],"version-history":[{"count":0,"href":"https:\/\/mooveteam.com\/pl\/wp-json\/wp\/v2\/pages\/12936\/revisions"}],"wp:attachment":[{"href":"https:\/\/mooveteam.com\/pl\/wp-json\/wp\/v2\/media?parent=12936"}],"curies":[{"name":"wp","href":"https:\/\/api.w.org\/{rel}","templated":true}]}}