
{"id":12902,"date":"2022-08-23T12:06:58","date_gmt":"2022-08-23T10:06:58","guid":{"rendered":"https:\/\/mooveteam.com\/a-propos-de-nous\/"},"modified":"2025-07-07T15:16:04","modified_gmt":"2025-07-07T13:16:04","slug":"o-nas","status":"publish","type":"page","link":"https:\/\/mooveteam.com\/pl\/o-nas\/","title":{"rendered":"O nas"},"content":{"rendered":"<section id=\"section-14-303\" class=\" ct-section scroll-scale-down overflow-hidden\" ><div class=\"ct-section-inner-wrap\"><div id=\"div_block-25-303\" class=\"ct-div-block w-full p-pagina bg-alt hero-animation py-12\" ><div id=\"div_block-15-303\" class=\"ct-div-block w-full grid grid-cols-2 gap-8 items-center md-grid-cols-1 max-w-page mx-auto\" ><div id=\"div_block-16-303\" class=\"ct-div-block \" ><h1 id=\"headline-18-303\" class=\"ct-headline mb-6 font-semibold color-primary text-4xl\">Wykonane z mi\u0142o\u015bci\u0105 w Barcelonie<\/h1><div id=\"_rich_text-27-303\" class=\"oxy-rich-text color-extra-color-4\" ><p><span style=\"white-space: pre-wrap;\">Nasz podstawowy zesp&oacute;\u0142 to grupa inteligentnych, niekonwencjonalnych i kreatywnych os&oacute;b, kt&oacute;re chc\u0105 co\u015b zmieni\u0107 dla naszych partner&oacute;w i tworzy\u0107 niezapomniane do\u015bwiadczenia dla naszych u\u017cytkownik&oacute;w.<\/span><\/p><\/div><\/div><img decoding=\"async\"  id=\"image-23-303\" alt=\"\" src=\"https:\/\/mooveteam.com\/wp-content\/uploads\/2022\/08\/hero-about.svg\" class=\"ct-image object-contain md-order-first lg-order-first my-auto\"\/><\/div><\/div><\/div><\/section>\n\n<section id=\"whats-mooveteam\" class=\" ct-section bg-white pb-12 overflow-hidden\" ><div class=\"ct-section-inner-wrap\"><div id=\"div_block-33-34\" class=\"ct-div-block w-full grid gap-8 grid-cols-2 md-grid-cols-1\" ><div id=\"div_block-34-34\" class=\"ct-div-block \" ><img decoding=\"async\"  id=\"image-16-117\" alt=\"\" src=\"https:\/\/mooveteam.com\/wp-content\/uploads\/2022\/08\/We-are-an-innovation-driven-company.jpg\" class=\"ct-image zoom-out-right\"\/><\/div><div id=\"div_block-38-34\" class=\"ct-div-block \" ><h2 id=\"text_block-42-34\" class=\"ct-text-block mt-0 fade-down text-base font-normal mb-4\" >Jeste\u015bmy firm\u0105 zorientowan\u0105 na innowacje<\/h2><div id=\"div_block-574-34\" class=\"ct-div-block mb-4 flip-right\" ><\/div><h3 id=\"headline-35-34\" class=\"ct-headline text-3xl mb-4 font-semibold color-primary fade-right\">Poruszamy Was od 2012 roku<\/h3><div id=\"_rich_text-17-117\" class=\"oxy-rich-text color-paragraph mb-4 fade-up\" ><p><span style=\"white-space: pre-wrap;\">Nasz zesp&oacute;\u0142 jest pe\u0142en pasji i do\u015bwiadczenia, uwielbia codziennie tworzy\u0107 nowe rzeczy. Jeste\u015bmy zespo\u0142em z ponad 20-letnim do\u015bwiadczeniem w pracy z technologi\u0105, eksploracj\u0105 i kreatywno\u015bci\u0105. Z naszej centrali w Barcelonie obs\u0142ugujemy wydarzenia w miastach na ca\u0142ym \u015bwiecie.<\/span><\/p>\n<p><span style=\"white-space: pre-wrap;\">Wszystko zacz\u0119\u0142o si\u0119 od czw&oacute;rki przyjaci&oacute;\u0142, kt&oacute;rzy spotkali si\u0119 przy kawie i rozpocz\u0119li rozmow\u0119 o mo\u017cliwo\u015bci po\u0142\u0105czenia technologii, kreatywno\u015bci i budowania zespo\u0142u.<\/span><\/p>\n<p><span style=\"white-space: pre-wrap;\">Pierwszym pomys\u0142em by\u0142o stworzenie prostej platformy do organizowania pomys\u0142&oacute;w i wydarze\u0144 w uporz\u0105dkowany spos&oacute;b. Potem zdali\u015bmy sobie spraw\u0119, \u017ce mo\u017cemy zrobi\u0107 znacznie wi\u0119cej, wi\u0119c postanowili\u015bmy u\u0142atwi\u0107 ka\u017cdemu tworzenie interaktywnych gier typu podchody na iPada.<\/span><\/p><\/div><\/div><\/div><\/div><\/section>\n\n<section id=\"section-3-11551\" class=\" ct-section \" ><div class=\"ct-section-inner-wrap\"><h2 id=\"headline-4-11551\" class=\"ct-headline text-2xl mx-auto mb-2 color-primary\">Budujemy do\u015bwiadczenia<\/h2><div id=\"_rich_text-6-11551\" class=\"oxy-rich-text mx-auto mb-16\" ><p style=\"text-align: center;\">Je\u015bli zapytasz kogo\u015b z zespo\u0142u, dlaczego kochasz swoj\u0105 prac\u0119, us\u0142yszysz kilka wersji poni\u017cszej odpowiedzi:<\/p>\n<p style=\"text-align: center;\"><span style=\"color: #e1424c;\"><span style=\"color: #e1424c;\"><span style=\"color: #536ba1;\"><strong>&bdquo;Uwielbiam produkty, kt&oacute;re wywo\u0142uj\u0105 u ludzi efekt WOW.&rdquo;<\/strong><\/span><\/span><\/span><\/p>\n<p style=\"text-align: center;\">Dzi\u0119ki moove udost\u0119pniamy naszym partnerom narz\u0119dzia, kt&oacute;re umo\u017cliwiaj\u0105 im tworzenie aktywno\u015bci wywo\u0142uj\u0105cych efekt WOW u klient&oacute;w.<\/p><\/div><div id=\"div_block-7-11551\" class=\"ct-div-block grid grid-cols-2 gap-8 lg-grid-cols-1 w-full\" ><div id=\"div_block-8-11551\" class=\"ct-div-block\" ><img decoding=\"async\"  id=\"image-10-11551\" alt=\"\" src=\"https:\/\/mooveteam.com\/wp-content\/uploads\/2022\/08\/We-build-experiences-1.jpg\" class=\"ct-image w-full object-cover\"\/><\/div><div id=\"div_block-9-11551\" class=\"ct-div-block\" ><img decoding=\"async\"  id=\"image-11-11551\" alt=\"\" src=\"https:\/\/mooveteam.com\/wp-content\/uploads\/2022\/08\/We-build-experiences-2.jpg\" class=\"ct-image w-full object-cover\"\/><\/div><\/div><\/div><\/section>\n\n<section style=\"background-image: url(https:\/\/brucdesign.com\/web\/mooveteam\/wp-content\/uploads\/2022\/07\/bg-2.svg);background-size: cover;background-repeat: no-repeat;background-color: #536ba1;background-position: 50% 50%;\"class=\"ct-section centered py-12 w-full\">\r\n   <div class=\"ct-section-inner-wrap\">\r\n      <div class=\"ct-div-block w-5by6 md-w-full\">\r\n                  <h2 class=\"ct-headline color-white font-semibold mx-auto mb-2\">Proste, zabawne oraz innowacyjne<\/h2>\r\n                           <p  class=\"ct-text-block mx-auto mb-16 color-white\">Polepszaj do\u015bwiadczenia swoich klient\u00f3w, tworz\u0105c geolokalizowane interaktywne gry na \u015bwie\u017cym powietrzu oraz stacjonarnie.<\/p>\r\n         \r\n            <div class=\"w-full\">\r\n               <div class=\"embed-container\">\r\n\t               <iframe loading=\"lazy\" title=\"MooveTeam Presentation\" width=\"640\" height=\"360\" src=\"https:\/\/www.youtube.com\/embed\/AFN4mvWExGo?feature=oembed\" frameborder=\"0\" allow=\"accelerometer; autoplay; clipboard-write; encrypted-media; gyroscope; picture-in-picture; web-share\" referrerpolicy=\"strict-origin-when-cross-origin\" allowfullscreen><\/iframe>               <\/div>\r\n            <\/div>\r\n\r\n      <\/div>\r\n   <\/div>\r\n<\/section>\n\n\n<section id=\"our-vision\" class=\" ct-section bg-white pb-12\" ><div class=\"ct-section-inner-wrap\"><div id=\"div_block-33-341\" class=\"ct-div-block w-full grid gap-8 grid-cols-2 md-grid-cols-1\" ><div id=\"div_block-34-341\" class=\"ct-div-block \" ><img decoding=\"async\"  id=\"image-9-11547\" alt=\"\" src=\"https:\/\/mooveteam.com\/wp-content\/uploads\/2022\/08\/Our-Vision.jpg\" class=\"ct-image w-full\"\/><\/div><div id=\"div_block-38-34-1\" class=\"ct-div-block my-auto\" ><h2 id=\"headline-35-34-1\" class=\"ct-headline text-3xl mb-4 font-semibold color-primary fade-right\">Nasza wizja<\/h2><div id=\"_rich_text-17-117-1\" class=\"oxy-rich-text color-paragraph mb-4 fade-up\" ><p>Nasz\u0105 wizj\u0105 jest wykorzystanie technologii do tworzenia niezapomnianych do\u015bwiadcze\u0144 i wra\u017ce\u0144 dla naszych u\u017cytkownik&oacute;w. Umo\u017cliwienie im anga\u017cowania si\u0119 w wyj\u0105tkowe zaj\u0119cia zespo\u0142owe, kt&oacute;re wydob\u0119d\u0105 ich potencja\u0142 oraz to, co najlepsze. Dodatkowo chcemy pom&oacute;c agencjom i profesjonalistom na ca\u0142ym \u015bwiecie w tworzeniu takich do\u015bwiadcze\u0144.<\/p><\/div><\/div><\/div><\/div><\/section>","protected":false},"excerpt":{"rendered":"","protected":false},"author":2,"featured_media":0,"parent":0,"menu_order":0,"comment_status":"closed","ping_status":"closed","template":"","meta":{"_acf_changed":false,"_bbp_topic_count":0,"_bbp_reply_count":0,"_bbp_total_topic_count":0,"_bbp_total_reply_count":0,"_bbp_voice_count":0,"_bbp_anonymous_reply_count":0,"_bbp_topic_count_hidden":0,"_bbp_reply_count_hidden":0,"_bbp_forum_subforum_count":0,"_lmt_disableupdate":"","_lmt_disable":"","footnotes":""},"class_list":["post-12902","page","type-page","status-publish","hentry"],"acf":[],"_links":{"self":[{"href":"https:\/\/mooveteam.com\/pl\/wp-json\/wp\/v2\/pages\/12902","targetHints":{"allow":["GET"]}}],"collection":[{"href":"https:\/\/mooveteam.com\/pl\/wp-json\/wp\/v2\/pages"}],"about":[{"href":"https:\/\/mooveteam.com\/pl\/wp-json\/wp\/v2\/types\/page"}],"author":[{"embeddable":true,"href":"https:\/\/mooveteam.com\/pl\/wp-json\/wp\/v2\/users\/2"}],"replies":[{"embeddable":true,"href":"https:\/\/mooveteam.com\/pl\/wp-json\/wp\/v2\/comments?post=12902"}],"version-history":[{"count":1,"href":"https:\/\/mooveteam.com\/pl\/wp-json\/wp\/v2\/pages\/12902\/revisions"}],"predecessor-version":[{"id":19344,"href":"https:\/\/mooveteam.com\/pl\/wp-json\/wp\/v2\/pages\/12902\/revisions\/19344"}],"wp:attachment":[{"href":"https:\/\/mooveteam.com\/pl\/wp-json\/wp\/v2\/media?parent=12902"}],"curies":[{"name":"wp","href":"https:\/\/api.w.org\/{rel}","templated":true}]}}