
{"id":12884,"date":"2022-07-26T14:39:34","date_gmt":"2022-07-26T13:39:34","guid":{"rendered":"https:\/\/mooveteam.com\/tarification\/"},"modified":"2023-01-02T12:51:59","modified_gmt":"2023-01-02T12:51:59","slug":"cennik","status":"publish","type":"page","link":"https:\/\/mooveteam.com\/pl\/cennik\/","title":{"rendered":"Cennik"},"content":{"rendered":"<section id=\"section-14-303\" class=\" ct-section scroll-scale-down overflow-hidden\" ><div class=\"ct-section-inner-wrap\"><div id=\"div_block-25-303\" class=\"ct-div-block w-full p-pagina bg-alt hero-animation py-12\" ><div id=\"div_block-15-303\" class=\"ct-div-block w-full grid grid-cols-2 gap-8 items-center md-grid-cols-1 max-w-page mx-auto\" ><div id=\"div_block-16-303\" class=\"ct-div-block \" ><h1 id=\"headline-18-303\" class=\"ct-headline mb-6 font-semibold color-primary text-4xl\">Cennik<\/h1><div id=\"_rich_text-27-303\" class=\"oxy-rich-text color-extra-color-4\" ><p>Nasza platforma umo\u017cliwia tworzenie szerokiej gamy zaj\u0119\u0107 integracyjnych dla ma\u0142ych i du\u017cych grup, osobi\u015bcie lub zdalnie, w pomieszczeniach lub na \u015bwie\u017cym powietrzu, szytych na miar\u0119 Twoich potrzeb: poszukiwa\u0144 skarb&oacute;w, quiz&oacute;w, gier escape room, zada\u0144 fotograficznych, wycieczek po mie\u015bcie i nie tylko.<\/p><\/div><\/div><img decoding=\"async\"  id=\"image-23-303\" alt=\"\" src=\"https:\/\/mooveteam.com\/wp-content\/uploads\/2022\/08\/streamlinehq-investing-1-finances-500-1.svg\" class=\"ct-image object-contain md-order-first lg-order-first my-auto\"\/><\/div><\/div><\/div><\/section>\n\n<section id=\"section-3-1458\" class=\" ct-section bg-white pb-12 fade-in overflow-hidden\" ><div class=\"ct-section-inner-wrap\"><div id=\"div_block-4-1458\" class=\"ct-div-block w-full grid gap-8 grid-cols-2 md-grid-cols-1\" ><div id=\"div_block-7-1458\" class=\"ct-div-block \" ><h2 id=\"text_block-8-1458\" class=\"ct-text-block mt-0 mb-2 fade-down text-base font-normal\" >Zacznij za darmo<\/h2><div id=\"div_block-9-1458\" class=\"ct-div-block mb-4 flip-right\" ><\/div><h3 id=\"headline-10-1458\" class=\"ct-headline text-3xl mb-4 font-semibold color-primary fade-right\">What do we mean by Free-to-build?<\/h3><div id=\"_rich_text-11-1458\" class=\"oxy-rich-text color-paragraph mb-4 fade-up\" ><p>Po pokazie z przedstawicielem Mooveteam otrzymasz konto* umo\u017cliwiaj\u0105ce dost\u0119p do internetowego zaplecza, w kt&oacute;rym mo\u017cesz tworzy\u0107 i edytowa\u0107 swoje zgrywalizowane dzia\u0142ania. Nic nie zap\u0142acisz za to konto. Tw&oacute;rz tyle gier, ile chcesz, graj w nieograniczon\u0105 liczb\u0119 wersji demonstracyjnych i p\u0142a\u0107 za kredyty tylko wtedy, gdy sprzedajesz aktywno\u015b\u0107 p\u0142ac\u0105cemu klientowi.<\/p>\n<p><span style=\"font-size: 10pt;\">*Bezp\u0142atne konto nie umo\u017cliwia dost\u0119pu do funkcji personalizacji, w tym jak zainstalowa\u0107 logo klienta w interfejsie aplikacji lub instalacji mapy. Te funkcjonalno\u015bci wymagaj\u0105 dostepu premium. <\/span><\/p><\/div><div id=\"div_block-14-1458\" class=\"ct-div-block fade-right mt-3\" ><a id=\"link_text-13-1458\" class=\"ct-link-text color-white bg-extra-color-3 rounded-full px-8 py-2 slide_diagonal_extra_color_6 fade-in\" href=\"#form_partner\"   >Sta\u0107 si\u0119 partnerem<\/a><\/div><\/div><div id=\"div_block-5-1458\" class=\"ct-div-block lg-order-first\" ><img decoding=\"async\"  id=\"image-6-1458\" alt=\"\" src=\"https:\/\/mooveteam.com\/wp-content\/uploads\/2022\/08\/moove-backoffice-screen-copia-1.jpg\" class=\"ct-image zoom-out-right fade-right\"\/><\/div><\/div><\/div><\/section>\n\n<section id=\"section-3-1461\" class=\" ct-section bg-white pb-12 fade-in overflow-hidden\" ><div class=\"ct-section-inner-wrap\"><div id=\"div_block-4-1461\" class=\"ct-div-block w-full grid gap-8 grid-cols-2 md-grid-cols-1\" ><div id=\"div_block-5-1461\" class=\"ct-div-block \" ><img decoding=\"async\"  id=\"image-6-1461\" alt=\"\" src=\"https:\/\/mooveteam.com\/wp-content\/uploads\/2022\/08\/moove-park-screen-1.jpg\" class=\"ct-image zoom-out-right fade-left\"\/><\/div><div id=\"div_block-7-1461\" class=\"ct-div-block my-auto\" ><h2 id=\"text_block-8-1461\" class=\"ct-text-block mt-0 mb-2 fade-down text-base font-normal\" >Elastyczno\u015b\u0107, kt\u00f3rej potrzebujesz, aby rozwija\u0107 sw\u00f3j biznes<\/h2><div id=\"div_block-9-1461\" class=\"ct-div-block mb-4 flip-right\" ><\/div><h3 id=\"headline-10-1461\" class=\"ct-headline text-3xl mb-4 font-semibold color-primary fade-right\">Jak dzia\u0142a system kredytowy?<\/h3><div id=\"_rich_text-11-1461\" class=\"oxy-rich-text color-paragraph mb-4 fade-up\" ><p>Kredyty to wirtualne tokeny, kt&oacute;re pozwalaj\u0105 na rozpocz\u0119cie prawdziwej aktywno\u015bci dla Twoich klient&oacute;w. Pobieramy 1 kredyt na urz\u0105dzenie za 1 aktywno\u015b\u0107. Kredyty nie maj\u0105 daty wa\u017cno\u015bci. Gdy dodasz kredyty do swojego konta, s\u0105 one dost\u0119pne na zawsze, dop&oacute;ki nie wykorzystasz ich na aktywno\u015b\u0107 dla swoich klient&oacute;w. Je\u015bli kupujesz wi\u0119ksze pakiety, zap\u0142acisz mniej za swoje kredyty. Mo\u017cesz wi\u0119c sprawi\u0107, \u017ce Twoje dzia\u0142ania Moove b\u0119d\u0105 bardziej op\u0142acalne, kupuj\u0105c wi\u0119ksze pakiety punkt&oacute;w i korzystaj\u0105c z nich przez ca\u0142y rok.<\/p><\/div><\/div><\/div><\/div><\/section>\n\n<section id=\"section-96-34\" class=\" ct-section overflow-hidden\" ><div class=\"ct-section-inner-wrap\"><div id=\"div_block-97-34\" class=\"ct-div-block w-full items-center text-center\" ><h2 id=\"text_block-129-34\" class=\"ct-text-block color-paragraph mt-0 fade-down text-base font-normal mb-4\" >Jaki jest koszt kredyt\u00f3w? <\/h2><div id=\"div_block-684-34\" class=\"ct-div-block mb-4 flip-right\" ><\/div><h3 id=\"headline-98-34\" class=\"ct-headline mb-4 text-3xl font-semibold color-primary fade-up\">Cena, jak\u0105 p\u0142acisz za kredyt, zale\u017cy od rodzaju prowadzonej aktywno\u015bci:<\/h3><\/div><\/div><\/section>\n\n<section  class=\" ct-section\"><div class=\"ct-section-inner-wrap\" style=\"display: block;\">\r\n    <div  class=\"ct-div-block grid grid-cols-3 gap-8 w-full lg-grid-cols-1 shadow-moove rounded-md p-4\">\r\n    <div class=\"ct-div-block h-full\" style=\"display: block;\">\r\n    <div  class=\"ct-div-block w-full h-full bg-extra-color-13 rounded-sm px-4\">\r\n    \r\n        <img decoding=\"async\"  alt=\"\" src=\"https:\/\/mooveteam.com\/wp-content\/uploads\/2022\/08\/standart.svg\" class=\"ct-image h-auto mx-auto my-auto zoom-out-right\" style=\"opacity: 1; visibility: inherit; transform: translate(0px, 0px); transition: unset;\">\r\n      <\/div>\r\n    <\/div>\r\n      <div class=\"ct-div-block col-span-2 lg-col-span-1 py-6\">\r\n              <h4  class=\"ct-headline color-primary text-2xl mb-2 fade-down\" style=\"opacity: 1; visibility: inherit; transform: translate(0px, 0px); transition: unset;\">Standardowe zaj\u0119cia integracyjne dla (1 iPad x Team)        <\/h4>\r\n      \r\n              <div  class=\"color-paragraph mb-4 fade-down mt-0\" style=\"opacity: 1; visibility: inherit; transform: translate(0px, 0px); transition: unset;\"><p>Zaj\u0119cia z budowania zespo\u0142u, kt\u00f3re zwykle dzia\u0142aj\u0105 na iPadach. Urz\u0105dzenie jest wsp\u00f3lne dla graczy, kt\u00f3rzy poruszaj\u0105 si\u0119 razem, my\u015bl\u0105 razem<br \/>\ni wsp\u00f3lnie podejmuj\u0105 decyzje jako zesp\u00f3\u0142. Na przyk\u0142ad <strong>1 dru\u017cyna = 5 graczy = 1 kredyt.<\/strong><\/p>\n        <\/div>\r\n            <div  class=\"color-paragraph fade-down w-full table-price\" style=\"opacity: 1; visibility: inherit; transform: translate(0px, 0px); transition: unset;\">\r\n      <table class=\"w-full border-color-primary\">\r\n      <tbody><tr class=\"bg-extra-color-3 color-white\">\r\n        <th class=\"text-left\">\tPakiety<\/th>\r\n        <th>\tUSA<\/th>\r\n        <th>\tEU<\/th>\r\n      <\/tr>\r\n            <tr>\r\n        <td>          Pojedynczy kredyt        <\/td>\r\n        <td>          $55        <\/td>\r\n        <td>          55\u20ac        <\/td>\r\n      <\/tr>\r\n            <tr>\r\n        <td>          Pakiet punkt\u00f3w (od 25)        <\/td>\r\n        <td>          $50        <\/td>\r\n        <td>          50\u20ac        <\/td>\r\n      <\/tr>\r\n            <tr>\r\n        <td>          Pakiet punkt\u00f3w (od 50)        <\/td>\r\n        <td>          $45        <\/td>\r\n        <td>          45\u20ac        <\/td>\r\n      <\/tr>\r\n            <tr>\r\n        <td>          Pakiet punkt\u00f3w (od 100)        <\/td>\r\n        <td>          $35        <\/td>\r\n        <td>          35\u20ac        <\/td>\r\n      <\/tr>\r\n            <tr>\r\n        <td>          Pakiet punkt\u00f3w (od 500)        <\/td>\r\n        <td>          $30        <\/td>\r\n        <td>          30\u20ac        <\/td>\r\n      <\/tr>\r\n            \r\n      <\/tbody><\/table>\r\n    <\/div>\r\n      <\/div>\r\n<\/div>\r\n<\/div>\r\n<\/section>\n\n\n<section  class=\" ct-section\"><div class=\"ct-section-inner-wrap\" style=\"display: block;\">\r\n    <div  class=\"ct-div-block grid grid-cols-3 gap-8 w-full lg-grid-cols-1 shadow-moove rounded-md p-4\">\r\n    <div class=\"ct-div-block h-full\" style=\"display: block;\">\r\n    <div  class=\"ct-div-block w-full h-full bg-extra-color-13 rounded-sm px-4\">\r\n    \r\n        <img decoding=\"async\"  alt=\"\" src=\"https:\/\/mooveteam.com\/wp-content\/uploads\/2022\/08\/remote.svg\" class=\"ct-image h-auto mx-auto my-auto zoom-out-right\" style=\"opacity: 1; visibility: inherit; transform: translate(0px, 0px); transition: unset;\">\r\n      <\/div>\r\n    <\/div>\r\n      <div class=\"ct-div-block col-span-2 lg-col-span-1 py-6\">\r\n              <h4  class=\"ct-headline color-primary text-2xl mb-2 fade-down\" style=\"opacity: 1; visibility: inherit; transform: translate(0px, 0px); transition: unset;\">Zdalne aktywno\u015bci integracyjne lub BYOD (w\u0142asne urz\u0105dzenie gracza)        <\/h4>\r\n      \r\n              <div  class=\"color-paragraph mb-4 fade-down mt-0\" style=\"opacity: 1; visibility: inherit; transform: translate(0px, 0px); transition: unset;\"><p>BYOD oznacza \u201eprzynie\u015b w\u0142asne urz\u0105dzenie\u201d <strong>1 zesp\u00f3\u0142 = 1 gracz = 1 urz\u0105dzenie = 1 kredyt<\/strong><\/p>\n        <\/div>\r\n            <div  class=\"color-paragraph fade-down w-full table-price\" style=\"opacity: 1; visibility: inherit; transform: translate(0px, 0px); transition: unset;\">\r\n      <table class=\"w-full border-color-primary\">\r\n      <tbody><tr class=\"bg-extra-color-3 color-white\">\r\n        <th class=\"text-left\">\tPakiety<\/th>\r\n        <th>\tUSA<\/th>\r\n        <th>\tEU<\/th>\r\n      <\/tr>\r\n            <tr>\r\n        <td>          Pojedynczy kredyt        <\/td>\r\n        <td>          $10        <\/td>\r\n        <td>          10\u20ac        <\/td>\r\n      <\/tr>\r\n            <tr>\r\n        <td>          Pakiet punkt\u00f3w (od 200)        <\/td>\r\n        <td>          $5        <\/td>\r\n        <td>          5\u20ac        <\/td>\r\n      <\/tr>\r\n            <tr>\r\n        <td>          Specjalna cena za pojedyncze zaj\u0119cia od 1000 graczy        <\/td>\r\n        <td>          $4        <\/td>\r\n        <td>          4\u20ac        <\/td>\r\n      <\/tr>\r\n            \r\n      <\/tbody><\/table>\r\n    <\/div>\r\n      <\/div>\r\n<\/div>\r\n<\/div>\r\n<\/section>\n\n\n<section  class=\" ct-section\"><div class=\"ct-section-inner-wrap\" style=\"display: block;\">\r\n    <div  class=\"ct-div-block grid grid-cols-3 gap-8 w-full lg-grid-cols-1 shadow-moove rounded-md p-4\">\r\n    <div class=\"ct-div-block h-full\" style=\"display: block;\">\r\n    <div  class=\"ct-div-block w-full h-full bg-extra-color-13 rounded-sm px-4\">\r\n    \r\n        <img decoding=\"async\"  alt=\"\" src=\"https:\/\/mooveteam.com\/wp-content\/uploads\/2022\/08\/educational.svg\" class=\"ct-image h-auto mx-auto my-auto zoom-out-right\" style=\"opacity: 1; visibility: inherit; transform: translate(0px, 0px); transition: unset;\">\r\n      <\/div>\r\n    <\/div>\r\n      <div class=\"ct-div-block col-span-2 lg-col-span-1 py-6\">\r\n              <h4  class=\"ct-headline color-primary text-2xl mb-2 fade-down\" style=\"opacity: 1; visibility: inherit; transform: translate(0px, 0px); transition: unset;\">Edukacja        <\/h4>\r\n      \r\n              <div  class=\"color-paragraph mb-4 fade-down mt-0\" style=\"opacity: 1; visibility: inherit; transform: translate(0px, 0px); transition: unset;\"><p>Oferujemy specjaln\u0105 stawk\u0119 na cele edukacyjne (szko\u0142y, uniwersytety i projekty spo\u0142eczne)<\/p>\n        <\/div>\r\n            <div  class=\"color-paragraph fade-down w-full table-price\" style=\"opacity: 1; visibility: inherit; transform: translate(0px, 0px); transition: unset;\">\r\n      <table class=\"w-full border-color-primary\">\r\n      <tbody><tr class=\"bg-extra-color-3 color-white\">\r\n        <th class=\"text-left\">\tPakiety<\/th>\r\n        <th>\tUSA<\/th>\r\n        <th>\tEU<\/th>\r\n      <\/tr>\r\n            <tr>\r\n        <td>          Pojedynczy kredyt        <\/td>\r\n        <td>          $15        <\/td>\r\n        <td>          15\u20ac        <\/td>\r\n      <\/tr>\r\n            <tr>\r\n        <td>          Pakiet punkt\u00f3w (od 100)        <\/td>\r\n        <td>          $10        <\/td>\r\n        <td>          10\u20ac        <\/td>\r\n      <\/tr>\r\n            <tr>\r\n        <td>          Pakiet punkt\u00f3w (od 200)        <\/td>\r\n        <td>          $8        <\/td>\r\n        <td>          8\u20ac        <\/td>\r\n      <\/tr>\r\n            \r\n      <\/tbody><\/table>\r\n    <\/div>\r\n      <\/div>\r\n<\/div>\r\n<\/div>\r\n<\/section>\n\n\n<section id=\"form_partner\" class=\" ct-section py-12 bg-alt overflow-hidden\" ><div class=\"ct-section-inner-wrap\"><div id=\"div_block-4-1476\" class=\"ct-div-block items-center text-center mx-auto w-5by6\" ><h2 id=\"text_block-5-1476\" class=\"ct-text-block color-paragraph mt-0 fade-down text-base font-normal\" >Sprawd\u017a wycen\u0119<\/h2><div id=\"div_block-6-1476\" class=\"ct-div-block mb-4 flip-right\" ><\/div><h3 id=\"headline-7-1476\" class=\"ct-headline mb-4 text-3xl font-semibold color-primary fade-up\">Popro\u015b o cennik dla swojego regionu<\/h3><p id=\"text_block-8-1476\" class=\"ct-text-block color-paragraph lg-w-3by4 md-w-full mt-0 w-5by6 mb-12 fade-down max-w-700\" >Wype\u0142nij poni\u017cszy formularz, a wy\u015blemy Ci dokument wyja\u015bniaj\u0105cy koszt kredyt\u00f3w w Twoim regionie<\/p><div id=\"shortcode-9-1476\" class=\"ct-shortcode w-full font-headings text-left w-5by6 fade-down max-w-700\" ><div class='fluentform ff-default fluentform_wrapper_6 ffs_custom_wrap'><form data-form_id=\"6\" id=\"fluentform_6\" class=\"frm-fluent-form fluent_form_6 ff-el-form-top ff_form_instance_6_1 ff-form-loading ffs_custom\" data-form_instance=\"ff_form_instance_6_1\" method=\"POST\" ><fieldset  style=\"border: none!important;margin: 0!important;padding: 0!important;background-color: transparent!important;box-shadow: none!important;outline: none!important; min-inline-size: 100%;\">\n                    <legend class=\"ff_screen_reader_title\" style=\"display: block; margin: 0!important;padding: 0!important;height: 0!important;text-indent: -999999px;width: 0!important;overflow:hidden;\">Become a partner<\/legend>        <div\n                style=\"display: none!important; position: absolute!important; transform: translateX(1000%)!important;\"\n                class=\"ff-el-group ff-hpsf-container\"\n        >\n            <div class=\"ff-el-input--label asterisk-right\">\n                <label for=\"ff_6_item_sf\" aria-label=\"Updates\">\n                    Updates                <\/label>\n            <\/div>\n            <div class=\"ff-el-input--content\">\n                <input type=\"text\"\n                       name=\"item_6__fluent_sf\"\n                       class=\"ff-el-form-control\"\n                       id=\"ff_6_item_sf\"\n                \/>\n            <\/div>\n        <\/div>\n        <input type='hidden' name='__fluent_form_embded_post_id' value='12884' \/><input type=\"hidden\" id=\"_fluentform_6_fluentformnonce\" name=\"_fluentform_6_fluentformnonce\" value=\"1ea5ed695b\" \/><input type=\"hidden\" name=\"_wp_http_referer\" value=\"\/pl\/wp-json\/wp\/v2\/pages\/12884\" \/><div data-type=\"name-element\" data-name=\"names\" class=\" ff-field_container ff-name-field-wrapper\" ><div class='ff-t-container'><div class='ff-t-cell '><div class='ff-el-group  ff-el-form-hide_label'><div class=\"ff-el-input--label ff-el-is-required asterisk-right\"><label for='ff_6_names_first_name_' id='label_ff_6_names_first_name_' >Your Name*<\/label><\/div><div class='ff-el-input--content'><input type=\"text\" name=\"names[first_name]\" id=\"ff_6_names_first_name_\" class=\"ff-el-form-control\" placeholder=\"Your Name*\" aria-invalid=\"false\" aria-required=true><\/div><\/div><\/div><\/div><\/div><div class='ff-el-group ff-el-form-hide_label'><div class=\"ff-el-input--label ff-el-is-required asterisk-right\"><label for='ff_6_email' id='label_ff_6_email' aria-label=\"Email\">Email<\/label><\/div><div class='ff-el-input--content'><input type=\"email\" name=\"email\" id=\"ff_6_email\" class=\"ff-el-form-control\" placeholder=\"Email Address*\" data-name=\"email\"  aria-invalid=\"false\" aria-required=true><\/div><\/div><div class='ff-el-group ff-el-form-hide_label'><div class=\"ff-el-input--label ff-el-is-required asterisk-right\"><label for='ff_6_phone' id='label_ff_6_phone' aria-label=\"Phone\/Mobile\">Phone\/Mobile<\/label><\/div><div class='ff-el-input--content'><input name=\"phone\" class=\"ff-el-form-control ff-el-phone\" type=\"tel\" placeholder=\"Phone*\" data-name=\"phone\" id=\"ff_6_phone\" inputmode=\"tel\"  aria-invalid='false' aria-required=true><\/div><\/div><div class='ff-el-group ff-el-form-hide_label'><div class=\"ff-el-input--label asterisk-right\"><label for='ff_6_input_text' id='label_ff_6_input_text' aria-label=\"Company name\">Company name<\/label><\/div><div class='ff-el-input--content'><input type=\"text\" name=\"input_text\" class=\"ff-el-form-control\" placeholder=\"Company name\" data-name=\"input_text\" id=\"ff_6_input_text\"  aria-invalid=\"false\" aria-required=false><\/div><\/div><div class='ff-el-group ff-el-form-hide_label'><div class=\"ff-el-input--label asterisk-right\"><label for='ff_6_input_text_1' id='label_ff_6_input_text_1' aria-label=\"Country\">Country<\/label><\/div><div class='ff-el-input--content'><input type=\"text\" name=\"input_text_1\" class=\"ff-el-form-control\" placeholder=\"Country\" data-name=\"input_text_1\" id=\"ff_6_input_text_1\"  aria-invalid=\"false\" aria-required=false><\/div><\/div><div class='ff-el-group ff-el-form-hide_label'><div class=\"ff-el-input--label asterisk-right\"><label for='ff_6_description' id='label_ff_6_description' aria-label=\"Explain us about your business\">Explain us about your business<\/label><\/div><div class='ff-el-input--content'><textarea aria-required=\"false\" aria-labelledby=\"label_ff_6_description\" name=\"description\" id=\"ff_6_description\" class=\"ff-el-form-control font-text\" placeholder=\"Explain us about your business\" rows=\"3\" cols=\"2\" data-name=\"description\" ><\/textarea><\/div><\/div><div class='ff-el-group    ff-el-input--content'><div class='ff-el-form-check ff-el-tc'><label aria-label='Terms and Conditions: I have read and accept the Privacy Policy. Contains 1 link. Use tab navigation to review.' class='ff-el-form-check-label ff_tc_label' for=gdpr-agreement_2a3b32a61f1f018b7d3feb3c8847fe0a><span class='ff_tc_checkbox'><input type=\"checkbox\" name=\"gdpr-agreement\" class=\"ff-el-form-check-input ff_gdpr_field\" data-name=\"gdpr-agreement\" id=\"gdpr-agreement_2a3b32a61f1f018b7d3feb3c8847fe0a\"  value='on' aria-invalid='false' aria-required=true><\/span> <div class='ff_t_c'>I have read and accept the <a href=\"https:\/\/lawwwing.com\/documents\/60686d7b-359b-4a2c-bcf8-4b7be6fe70e0\/privacy-policy\/en\/\" target=\"_blank\">Privacy Policy<\/a>.<\/div><\/label><\/div><\/div><div class='ff-el-group ' ><div class='ff-el-input--content'><div data-fluent_id='6' name='g-recaptcha-response'><div\n\t\tdata-sitekey='6LcVkgwqAAAAAK8WM3thQOgMNZrq0YHtmT5mWHYR'\n\t\tid='fluentform-recaptcha-6-1'\n\t\tclass='ff-el-recaptcha g-recaptcha'\n\t\tdata-callback='fluentFormrecaptchaSuccessCallback'><\/div><\/div><\/div><\/div><div class='ff-el-group ff-text-left ff_submit_btn_wrapper'><button type=\"submit\" class=\"ff-btn ff-btn-submit ff-btn-md color-white bg-extra-color-3 rounded-full py-2 slide_diagonal_extra_color_6 text-sm px-6 font-semibold border-none ff_btn_style wpf_has_custom_css\"  aria-label=\"Submit\">Submit<\/button><\/div><\/fieldset><\/form><div id='fluentform_6_errors' class='ff-errors-in-stack ff_form_instance_6_1 ff-form-loading_errors ff_form_instance_6_1_errors'><\/div><\/div>            <script type=\"text\/javascript\">\n                window.fluent_form_ff_form_instance_6_1 = {\"id\":\"6\",\"settings\":{\"layout\":{\"labelPlacement\":\"top\",\"helpMessagePlacement\":\"with_label\",\"errorMessagePlacement\":\"inline\",\"asteriskPlacement\":\"asterisk-right\"},\"restrictions\":{\"denyEmptySubmission\":{\"enabled\":false}}},\"form_instance\":\"ff_form_instance_6_1\",\"form_id_selector\":\"fluentform_6\",\"rules\":{\"names[first_name]\":{\"required\":{\"value\":true,\"message\":\"This field is required\",\"global\":false,\"global_message\":\"This field is required\"}},\"names[middle_name]\":{\"required\":{\"value\":false,\"message\":\"This field is required\",\"global\":false,\"global_message\":\"This field is required\"}},\"names[last_name]\":{\"required\":{\"value\":false,\"message\":\"This field is required\",\"global\":false,\"global_message\":\"This field is required\"}},\"email\":{\"required\":{\"value\":true,\"message\":\"This field is required\",\"global\":false,\"global_message\":\"This field is required\"},\"email\":{\"value\":true,\"message\":\"This field must contain a valid email\",\"global\":false,\"global_message\":\"This field must contain a valid email\"}},\"phone\":{\"required\":{\"value\":true,\"message\":\"This field is required\",\"global\":false,\"global_message\":\"This field is required\"},\"valid_phone_number\":{\"value\":false,\"message\":\"Phone number is not valid\",\"global\":false,\"global_message\":\"Phone number is not valid\"}},\"input_text\":{\"required\":{\"value\":false,\"message\":\"This field is required\",\"global\":false,\"global_message\":\"This field is required\"}},\"input_text_1\":{\"required\":{\"value\":false,\"message\":\"This field is required\",\"global\":false,\"global_message\":\"This field is required\"}},\"description\":{\"required\":{\"value\":false,\"message\":\"This field is required\",\"global\":false,\"global_message\":\"This field is required\"}},\"gdpr-agreement\":{\"required\":{\"value\":true,\"message\":\"This field is required\",\"global\":false,\"global_message\":\"This field is required\"}}},\"debounce_time\":300};\n                            <\/script>\n            <\/div><\/div><\/div><\/section>","protected":false},"excerpt":{"rendered":"","protected":false},"author":2,"featured_media":0,"parent":0,"menu_order":0,"comment_status":"closed","ping_status":"closed","template":"","meta":{"_acf_changed":false,"_bbp_topic_count":0,"_bbp_reply_count":0,"_bbp_total_topic_count":0,"_bbp_total_reply_count":0,"_bbp_voice_count":0,"_bbp_anonymous_reply_count":0,"_bbp_topic_count_hidden":0,"_bbp_reply_count_hidden":0,"_bbp_forum_subforum_count":0,"_lmt_disableupdate":"","_lmt_disable":"","footnotes":""},"class_list":["post-12884","page","type-page","status-publish","hentry"],"acf":[],"_links":{"self":[{"href":"https:\/\/mooveteam.com\/pl\/wp-json\/wp\/v2\/pages\/12884","targetHints":{"allow":["GET"]}}],"collection":[{"href":"https:\/\/mooveteam.com\/pl\/wp-json\/wp\/v2\/pages"}],"about":[{"href":"https:\/\/mooveteam.com\/pl\/wp-json\/wp\/v2\/types\/page"}],"author":[{"embeddable":true,"href":"https:\/\/mooveteam.com\/pl\/wp-json\/wp\/v2\/users\/2"}],"replies":[{"embeddable":true,"href":"https:\/\/mooveteam.com\/pl\/wp-json\/wp\/v2\/comments?post=12884"}],"version-history":[{"count":0,"href":"https:\/\/mooveteam.com\/pl\/wp-json\/wp\/v2\/pages\/12884\/revisions"}],"wp:attachment":[{"href":"https:\/\/mooveteam.com\/pl\/wp-json\/wp\/v2\/media?parent=12884"}],"curies":[{"name":"wp","href":"https:\/\/api.w.org\/{rel}","templated":true}]}}