
{"id":12836,"date":"2022-08-19T18:23:26","date_gmt":"2022-08-19T17:23:26","guid":{"rendered":"https:\/\/mooveteam.com\/escape-games\/"},"modified":"2023-05-11T08:17:39","modified_gmt":"2023-05-11T07:17:39","slug":"gry-ucieczki","status":"publish","type":"page","link":"https:\/\/mooveteam.com\/pl\/gry-ucieczki\/","title":{"rendered":"Gry ucieczki"},"content":{"rendered":"<section id=\"section-18-164\" class=\" ct-section scroll-scale-down overflow-hidden\" ><div class=\"ct-section-inner-wrap\"><div id=\"div_block-29-164\" class=\"ct-div-block bg-alt hero-animation w-full overflow-hidden\" ><div id=\"div_block-19-164\" class=\"ct-div-block w-full grid grid-cols-2 gap-8 items-center md-grid-cols-1 max-w-page mx-auto\" ><div id=\"div_block-20-164\" class=\"ct-div-block mb-12\" ><div id=\"text_block-21-164\" class=\"ct-text-block color-primary font-semibold p-2 bg-extra-color-9 mb-6\" >Gry ucieczki <\/div><h1 id=\"headline-22-164\" class=\"ct-headline mb-6 font-semibold color-primary hero-header\">Zabierz gry escape room z zamkni\u0119tych pomieszcze\u0144 na zewn\u0105trz<br><\/h1><p id=\"text_block-24-164\" class=\"ct-text-block mb-8 color-extra-color-4 mt-0\" >\n\nDzi\u0119ki funkcjom geolokalizacji mooveTEAM mo\u017cesz przekszta\u0142ci\u0107 gry typu escape room w gry typu escape the city, przenosz\u0105c narracji\u0119 scenariusza na zupe\u0142nie nowy poziom, gdy uczestnicy odkrywaj\u0105 miasto w poszukiwaniu wskaz\u00f3wek.\n\n<\/p><div id=\"div_block-25-164\" class=\"ct-div-block w-full\" ><a id=\"link_text-26-164\" class=\"ct-link-text slide_diagonal_extra_color_6 py-2 px-8 rounded-full bg-extra-color-3 color-white request-demo\" href=\"#\" target=\"_self\"  >Popro\u015b o demo<\/a><\/div><\/div><img decoding=\"async\"  id=\"image-27-164\" alt=\"\" src=\"https:\/\/mooveteam.com\/wp-content\/uploads\/2022\/08\/escape-games.svg\" class=\"ct-image object-contain md-order-first lg-order-first my-auto img-hero\"\/><\/div><\/div><\/div><\/section>\n\n<section id=\"whats-mooveteam\" class=\" ct-section bg-white pb-12 overflow-hidden\" ><div class=\"ct-section-inner-wrap\"><div id=\"div_block-33-34\" class=\"ct-div-block w-full grid gap-8 grid-cols-2 md-grid-cols-1\" ><div id=\"div_block-34-34\" class=\"ct-div-block \" ><img decoding=\"async\"  id=\"image-16-117\" alt=\"\" src=\"https:\/\/mooveteam.com\/wp-content\/uploads\/2022\/08\/mystery.svg\" class=\"ct-image zoom-out-right\"\/><\/div><div id=\"div_block-38-34\" class=\"ct-div-block \" ><h2 id=\"text_block-42-34\" class=\"ct-text-block mt-0 fade-down text-base font-normal mb-4\" >Tajemnica ca\u0142ego miasta<\/h2><div id=\"div_block-574-34\" class=\"ct-div-block mb-4 flip-right\" ><\/div><h3 id=\"headline-35-34\" class=\"ct-headline text-3xl mb-4 font-semibold color-primary fade-right\">Wykorzystaj topografi\u0119 miasta aby opowiedzie\u0107 jego histori\u0119 i zaanga\u017cowa\u0107 uczestnik\u00f3w<\/h3><div id=\"_rich_text-17-117\" class=\"oxy-rich-text color-paragraph mb-4 fade-up\" ><p><span style=\"white-space: pre-wrap;\">Skorzystaj z narracji, aby zabawia\u0107 i anga\u017cowa\u0107 uczestnik&oacute;w podczas zwiedzania miasta, szukania wskaz&oacute;wek i rozwi\u0105zywania zagadek. Po\u0142\u0105cz \u015bwiat cyfrowy i fizyczny, umieszczaj\u0105c kody QR w ukrytych miejscach, gracze b\u0119d\u0105 mogli je zeskanowa\u0107, aby odnale\u017a\u0107 nowe wskaz&oacute;wki.<\/span><\/p>\n<p><span style=\"white-space: pre-wrap;\">Aby do\u0142\u0105czy\u0107 do gry, gracz potrzebuje jedynie urz\u0105dzenia mobilnego, systemu Android lub iOS. Mo\u017cesz u\u017cy\u0107 tre\u015bci multimedialnych, takich jak filmy, d\u017awi\u0119k i modele AR 3D, aby zbudowa\u0107 swoj\u0105 histori\u0119 i zaintrygowa\u0107 uczestnik&oacute;w.<\/span><\/p>\n<p><span style=\"white-space: pre-wrap;\">Mo\u017cesz korzysta\u0107 z r&oacute;\u017cnych tras i segment&oacute;w, aby umo\u017cliwi\u0107 uczestnikom odblokowywanie nowych poziom&oacute;w w miar\u0119 post\u0119p&oacute;w w grze.<\/span><\/p><\/div><\/div><\/div><\/div><\/section>\n\n<section id=\"section-96-34\" class=\" ct-section bg-alt py-12 overflow-hidden\" ><div class=\"ct-section-inner-wrap\"><div id=\"div_block-97-34\" class=\"ct-div-block w-full items-center text-center\" ><h2 id=\"text_block-129-34\" class=\"ct-text-block color-paragraph mt-0 fade-down text-base font-normal mb-4\" >Wszechstronne narz\u0119dzie do grywalizacji<\/h2><div id=\"div_block-684-34\" class=\"ct-div-block mb-4 moove-line flip-right mx-auto\" ><\/div><h3 id=\"headline-98-34\" class=\"ct-headline mb-4 text-3xl font-semibold color-primary mb-20 fade-up max-w-700 mx-auto\">Wszystko, czego potrzebujesz, aby zbudowa\u0107 gry typu cityscape<\/h3><div id=\"div_block-100-34\" class=\"ct-div-block w-full grid gap-8 row-gap-12 items-center lg-grid-cols-1 grid-cols-3 xl-grid-cols-2 row-gap-16\" ><div id=\"div_block-39-121\" class=\"ct-div-block px-6 py-8 rounded-md h-full shadow-moove bg-white flip-down\" ><img decoding=\"async\"  id=\"image-40-121\" alt=\"\" src=\"https:\/\/mooveteam.com\/wp-content\/uploads\/2022\/08\/Self-guided-tours.svg\" class=\"ct-image w-full h-auto mb-4\"\/><h4 id=\"headline-41-121\" class=\"ct-headline text-xl color-primary mb-4 text-left\">Zwiedzanie z przewodnikiem<\/h4><div id=\"_rich_text-42-121\" class=\"oxy-rich-text text-left color-paragraph text-sm\" ><p><span style=\"white-space: pre-wrap;\">Gry mooveTEAM wymagaj\u0105 niewielkiego lub \u017cadnego wsparcia obs\u0142ugi. Uczestnicy odnajduj\u0105 interesuj\u0105ce miejsca na mapie, a wszystkie potrzebne instrukcje wprowadzane s\u0105 do aplikacji. W razie potrzeby mo\u017cesz zapewni\u0107 wsparcie za po\u015brednictwem czatu na \u017cywo.<\/span><\/p><\/div><\/div><div id=\"div_block-59-121\" class=\"ct-div-block px-6 py-8 rounded-md h-full shadow-moove bg-white flip-down\" ><img decoding=\"async\"  id=\"image-60-121\" alt=\"\" src=\"https:\/\/mooveteam.com\/wp-content\/uploads\/2022\/08\/Objects.svg\" class=\"ct-image w-full h-auto mb-4\"\/><h4 id=\"headline-61-121\" class=\"ct-headline text-xl color-primary mb-4 text-left\">Obiekty<\/h4><div id=\"_rich_text-62-121\" class=\"oxy-rich-text text-left color-paragraph text-sm\" ><p><span style=\"white-space: pre-wrap;\">Umie\u015b\u0107 wirtualne obiekty na mapie, aby uczestnicy mogli je zebra\u0107 i odblokowa\u0107 zagadki. Takie wirtualne obiekty mo\u017cna wizualizowa\u0107 w technologii 3D AR, co pot\u0119guje mo\u017cliwo\u015b\u0107 &lsquo;zanurzenia si\u0119 w aktywno\u015bci&rsquo;.<\/span><\/p><\/div><\/div><div id=\"div_block-43-121\" class=\"ct-div-block px-6 py-8 rounded-md h-full shadow-moove bg-white flip-down\" ><img decoding=\"async\"  id=\"image-44-121\" alt=\"\" src=\"https:\/\/mooveteam.com\/wp-content\/uploads\/2022\/08\/Meaningful-side-quests.svg\" class=\"ct-image w-full h-auto mb-4\"\/><h4 id=\"headline-45-121\" class=\"ct-headline text-xl color-primary mb-4 text-left\">Kluczowe zadania poboczne<\/h4><div id=\"_rich_text-46-121\" class=\"oxy-rich-text text-left color-paragraph text-sm\" ><p><span style=\"white-space: pre-wrap;\">mooveTEAM oferuje kilka minigier, takich jak \u0142amig\u0142&oacute;wki, zgadnij s\u0142owo, wisielec i wiele innych, kt&oacute;re mo\u017cna wbudowa\u0107 do gry escape jako &bdquo;zadania poboczne&rdquo; w g\u0142&oacute;wnej opowie\u015bci. Mog\u0105 by\u0107 one wa\u017cne, aby zsumowa\u0107 punkty, potrzebne do odblokowania wskaz&oacute;wki lub przedmiotu.<\/span><\/p><\/div><\/div><div id=\"div_block-47-121\" class=\"ct-div-block px-6 py-8 rounded-md h-full shadow-moove bg-white flip-down\" ><img decoding=\"async\"  id=\"image-48-121\" alt=\"\" src=\"https:\/\/mooveteam.com\/wp-content\/uploads\/2022\/08\/Introduction-videos.svg\" class=\"ct-image w-full h-auto mb-4\"\/><h4 id=\"headline-49-121\" class=\"ct-headline text-xl color-primary mb-4 text-left\">Filmy wprowadzaj\u0105ce <\/h4><div id=\"_rich_text-50-121\" class=\"oxy-rich-text text-left color-paragraph text-sm\" ><p><span style=\"white-space: pre-wrap;\">Zanurz uczestnik&oacute;w w swojej historii, wstawiaj\u0105c niestandardowe filmy do gry, w kt&oacute;rych postacie wypowiadaj\u0105 swoje kwestie, aby zaprezentowa\u0107 graczom wyzwania i wskaz&oacute;wki.<\/span><\/p><\/div><\/div><div id=\"div_block-51-121\" class=\"ct-div-block px-6 py-8 rounded-md h-full shadow-moove bg-white flip-down\" ><img decoding=\"async\"  id=\"image-52-121\" alt=\"\" src=\"https:\/\/mooveteam.com\/wp-content\/uploads\/2022\/08\/Sightseeing-tour.svg\" class=\"ct-image w-full h-auto mb-4\"\/><h4 id=\"headline-53-121\" class=\"ct-headline text-xl color-primary mb-4 text-left\">Zdj\u0119cia i filmy<\/h4><div id=\"_rich_text-54-121\" class=\"oxy-rich-text text-left color-paragraph text-sm\" ><p><span style=\"white-space: pre-wrap;\">Zadania fotograficzne i wideo dodaj\u0105 do gry elementy wycieczki krajoznawczej, poniewa\u017c uczestnicy nagrywaj\u0105 w\u0142asn\u0105 wycieczk\u0119 poprzez obiektyw swojego urz\u0105dzenia.<\/span><\/p><\/div><\/div><div id=\"div_block-55-121\" class=\"ct-div-block px-6 py-8 rounded-md h-full shadow-moove bg-white flip-down\" ><img decoding=\"async\"  id=\"image-56-121\" alt=\"\" src=\"https:\/\/mooveteam.com\/wp-content\/uploads\/2022\/08\/Affordable-and-scalable.svg\" class=\"ct-image w-full h-auto mb-4\"\/><h4 id=\"headline-57-121\" class=\"ct-headline text-xl color-primary mb-4 text-left\">Konkurs i nagrody<\/h4><div id=\"_rich_text-58-121\" class=\"oxy-rich-text text-left color-paragraph text-sm\" ><p><span style=\"white-space: pre-wrap;\">Do rozpocz\u0119cia gry potrzebujesz tylko urz\u0105dzenia mobilnego. Organizator wydarze\u0144 nie musi posiada\u0107 pomieszczenia, aby obs\u0142ugiwa\u0107 gry. Zalecane jest udost\u0119pnienie iPad&oacute;w, ale mo\u017cna r&oacute;wnie\u017c oferowa\u0107 gry, w kt&oacute;rych gracz korzysta z w\u0142asnego urz\u0105dzenia, co u\u0142atwia hostowanie wi\u0119kszych grup.<\/span><\/p><\/div><\/div><\/div><\/div><\/div><\/section>\n\n<section id=\"cta-footer\" class=\" ct-section centered py-12 overflow-hidden\" style=\"background-image:url(https:\/\/mooveteam.com\/wp-content\/uploads\/2022\/07\/bg-2.svg);background-size: cover;\" ><div class=\"ct-section-inner-wrap\"><h2 id=\"headline-4-152\" class=\"ct-headline color-white font-semibold fade-down max-w-700 hero-header\">Szukasz rozwi\u0105za\u0144 dla gier typu escape room?<br><\/h2><p id=\"text_block-5-152\" class=\"ct-text-block color-white mb-6 fade-up\" >Nasi partnerzy na ca\u0142ym \u015bwiecie mog\u0105 zorganizowa\u0107 spersonalizowane zaj\u0119cia dla Twojego zespo\u0142u. <\/p><a id=\"link_text-6-152\" class=\"ct-link-text color-primary bg-extra-color-7 rounded-full py-2 px-8 font-bold slide_diagonal_yellow zoon-in-up request-demo\" href=\"https:\/\/mooveteam.com\/pl\/wzmacniacz\/\" target=\"_self\"  >Znajd\u017a agencj\u0119<\/a><\/div><\/section>\n\n<section id=\"section-96-34\" class=\" ct-section pt-16 overflow-hidden\" ><div class=\"ct-section-inner-wrap\"><div id=\"div_block-97-34\" class=\"ct-div-block w-full items-center text-center\" ><h2 id=\"text_block-129-34\" class=\"ct-text-block color-paragraph mt-0 mx-auto text-base font-normal mb-4\" >Z naszego bloga<\/h2><div id=\"div_block-684-34\" class=\"ct-div-block mb-4 mx-auto\" ><\/div><h3 id=\"headline-98-34\" class=\"ct-headline mb-4 text-3xl font-semibold color-primary max-w-700 mx-auto\">Sprawd\u017a najnowsze wiadomo\u015bci i artyku\u0142y na temat grywalizacji zdarze\u0144 na naszym blogu<\/h3><p id=\"text_block-99-34\" class=\"ct-text-block color-paragraph lg-w-3by4 md-w-full mt-0 w-5by6 max-w-700 mx-auto\" >Nasza biblioteka gier sk\u0142ada si\u0119 z gier stworzonych i sprawdzonych przez firmy eventowe na ca\u0142ym \u015bwiecie. Rozpocz\u0119cie od gotowej gry pozwala zaoszcz\u0119dzi\u0107 czas i daje solidn\u0105 podstaw\u0119 do rozpocz\u0119cia pracy z mooveTEAM. <\/p><\/div><\/div><\/section>\n\n<!-- Gridbuilder \u1d42\u1d3e Plugin (https:\/\/wpgridbuilder.com) -->\n<div class=\"wp-grid-builder wpgb-grid-7 p-pagina max-w-page mx-auto\" data-options=\"{&quot;id&quot;:7,&quot;type&quot;:&quot;masonry&quot;,&quot;source&quot;:&quot;post_type&quot;,&quot;loader&quot;:1,&quot;layout&quot;:&quot;vertical&quot;,&quot;reveal&quot;:1,&quot;isMainQuery&quot;:false,&quot;lazyLoad&quot;:1,&quot;cardSizes&quot;:{&quot;9999&quot;:{&quot;columns&quot;:3,&quot;height&quot;:240,&quot;gutter&quot;:28,&quot;ratio&quot;:&quot;1.33333&quot;},&quot;1336&quot;:{&quot;columns&quot;:2,&quot;height&quot;:240,&quot;gutter&quot;:28,&quot;ratio&quot;:&quot;1.33333&quot;},&quot;992&quot;:{&quot;columns&quot;:2,&quot;height&quot;:220,&quot;gutter&quot;:28,&quot;ratio&quot;:&quot;1.33333&quot;},&quot;768&quot;:{&quot;columns&quot;:1,&quot;height&quot;:220,&quot;gutter&quot;:28,&quot;ratio&quot;:&quot;1.33333&quot;},&quot;576&quot;:{&quot;columns&quot;:1,&quot;height&quot;:200,&quot;gutter&quot;:28,&quot;ratio&quot;:&quot;1.33333&quot;},&quot;320&quot;:{&quot;columns&quot;:1,&quot;height&quot;:200,&quot;gutter&quot;:28,&quot;ratio&quot;:&quot;1.33333&quot;}},&quot;fitRows&quot;:1,&quot;equalRows&quot;:0,&quot;equalColumns&quot;:1,&quot;fillLastRow&quot;:0,&quot;centerLastRow&quot;:0,&quot;horizontalOrder&quot;:1,&quot;fullWidth&quot;:0,&quot;transitionDelay&quot;:100,&quot;gallerySlideshow&quot;:0,&quot;rowsNumber&quot;:1,&quot;slideAlign&quot;:&quot;left&quot;,&quot;groupCells&quot;:1,&quot;draggable&quot;:1,&quot;initialIndex&quot;:0,&quot;contain&quot;:0,&quot;freeScroll&quot;:0,&quot;freeFriction&quot;:&quot;0.075&quot;,&quot;friction&quot;:&quot;0.285&quot;,&quot;attraction&quot;:&quot;0.025&quot;,&quot;autoPlay&quot;:0,&quot;pageDotAriaLabel&quot;:&quot;Page dot %d&quot;,&quot;isPreview&quot;:false,&quot;isGutenberg&quot;:false,&quot;rightToLeft&quot;:false}\"><div class=\"wpgb-svg-icons\" hidden>\n\t<svg viewBox=\"0 0 120 24\" width=\"0\" height=\"0\">\n\t<defs>\n        <polygon id=\"wpgb-star-svg\" points=\"12 2.5 15.1 8.8 22 9.8 17 14.6 18.2 21.5 12 18.3 5.8 21.5 7 14.6 2 9.8 8.9 8.8\"><\/polygon>\n    <\/defs>\n    <symbol id=\"wpgb-rating-stars-svg\">\n        <use xlink:href=\"#wpgb-star-svg\"><\/use>\n        <use xlink:href=\"#wpgb-star-svg\" x=\"24\"><\/use>\n        <use xlink:href=\"#wpgb-star-svg\" x=\"48\"><\/use>\n        <use xlink:href=\"#wpgb-star-svg\" x=\"72\"><\/use>\n        <use xlink:href=\"#wpgb-star-svg\" x=\"96\"><\/use>\n    <\/symbol>\n<\/svg>\n<\/div>\n<div class=\"wpgb-wrapper\">\n\t<div class=\"wpgb-main\">\n\t<div class=\"wpgb-area wpgb-area-top-2\">\n\t<div class=\"wpgb-facet wpgb-loading wpgb-facet-1\" data-facet=\"1\" data-grid=\"7\"><\/div><\/div>\n<div class=\"wpgb-layout\">\n\t<div class=\"wpgb-viewport\">\n\t\t<div class=\"wpgb-masonry\">\n\t\t\t<div class=\"wpgb-card wpgb-no-result\" data-col=\"12\" data-row=\"1\">\n\t<div class=\"wpgb-card-wrapper\">\n\t\tSorry, no articles found.\t<\/div>\n<\/div>\n\t\t<\/div>\n\t<\/div>\n\t<div class=\"wpgb-loader\">\n\t<div class=\"wpgb-loader-17\">\n\t\t<div><div><\/div><div><\/div><\/div>\t<\/div>\n<\/div>\n<\/div>\n\t<\/div>\n\t\t<\/div>\n<\/div>\n\n\n<section id=\"section-2-225\" class=\" ct-section pb-12 overflow-hidden\" ><div class=\"ct-section-inner-wrap\"><a id=\"link_text-3-225\" class=\"ct-link-text color-white bg-extra-color-3 rounded-full px-8 py-2 slide_diagonal_extra_color_6 mx-auto\" href=\"http:\/\/\" target=\"_self\"  >Zobacz wszystkie artyku\u0142y<\/a><\/div><\/section>\n\n            <div tabindex=\"-1\" class=\"oxy-modal-backdrop  \"\n                style=\"background-color: rgba(0,0,0,0.5);\"\n                data-trigger=\"user_clicks_element\"                data-trigger-selector=\".request-demo\"                data-trigger-time=\"5\"                data-trigger-time-unit=\"seconds\"                data-close-automatically=\"no\"                data-close-after-time=\"10\"                data-close-after-time-unit=\"seconds\"                data-trigger_scroll_amount=\"50\"                data-trigger_scroll_direction=\"down\"\t            data-scroll_to_selector=\"\"\t            data-time_inactive=\"60\"\t            data-time-inactive-unit=\"seconds\"\t            data-number_of_clicks=\"3\"\t            data-close_on_esc=\"on\"\t            data-number_of_page_views=\"3\"                data-close-after-form-submit=\"no\"                data-open-again=\"always_show\"                data-open-again-after-days=\"3\"            >\n\n                <div id=\"modal-4-13161\" class=\"ct-modal\" ><div id=\"div_block-5-13161\" class=\"ct-div-block w-full p-4\" ><div id=\"div_block-6-13161\" class=\"ct-div-block\" ><div id=\"fancy_icon-7-13161\" class=\"ct-fancy-icon ml-auto oxy-close-modal icon-xl-white\" ><svg id=\"svg-fancy_icon-7-13161\"><use xlink:href=\"#Lineariconsicon-cross\"><\/use><\/svg><\/div><div id=\"div_block-8-13161\" class=\"ct-div-block w-full px-8\" ><h2 id=\"headline-9-13161\" class=\"ct-headline color-white text-center font-semibold text-3xl mb-6\">Popro\u015b o demo i zwi\u0119ksz sw\u00f3j biznes z mooveTEAM<\/h2><div id=\"shortcode-10-13161\" class=\"ct-shortcode mx-auto font-text\" ><div class='fluentform ff-default fluentform_wrapper_19 ffs_custom_wrap'><form data-form_id=\"19\" id=\"fluentform_19\" class=\"frm-fluent-form fluent_form_19 ff-el-form-top ff_form_instance_19_1 ff-form-loading ffs_custom\" data-form_instance=\"ff_form_instance_19_1\" method=\"POST\" ><fieldset  style=\"border: none!important;margin: 0!important;padding: 0!important;background-color: transparent!important;box-shadow: none!important;outline: none!important; min-inline-size: 100%;\">\n                    <legend class=\"ff_screen_reader_title\" style=\"display: block; margin: 0!important;padding: 0!important;height: 0!important;text-indent: -999999px;width: 0!important;overflow:hidden;\">Resquest a demo form (modal) PL<\/legend>        <div\n                style=\"display: none!important; position: absolute!important; transform: translateX(1000%)!important;\"\n                class=\"ff-el-group ff-hpsf-container\"\n        >\n            <div class=\"ff-el-input--label asterisk-right\">\n                <label for=\"ff_19_item_sf\" aria-label=\"Newsletter\">\n                    Newsletter                <\/label>\n            <\/div>\n            <div class=\"ff-el-input--content\">\n                <input type=\"text\"\n                       name=\"item_19__fluent_sf\"\n                       class=\"ff-el-form-control\"\n                       id=\"ff_19_item_sf\"\n                \/>\n            <\/div>\n        <\/div>\n        <input type='hidden' name='__fluent_form_embded_post_id' value='12836' \/><input type=\"hidden\" id=\"_fluentform_19_fluentformnonce\" name=\"_fluentform_19_fluentformnonce\" value=\"a9cfeef515\" \/><input type=\"hidden\" name=\"_wp_http_referer\" value=\"\/pl\/wp-json\/wp\/v2\/pages\/12836\" \/><div data-type=\"name-element\" data-name=\"names\" class=\" ff-field_container ff-name-field-wrapper font-text\" ><div class='ff-t-container'><div class='ff-t-cell '><div class='ff-el-group  ff-el-form-hide_label'><div class=\"ff-el-input--label asterisk-right\"><label for='ff_19_names_first_name_' id='label_ff_19_names_first_name_' >First Name<\/label><\/div><div class='ff-el-input--content'><input type=\"text\" name=\"names[first_name]\" id=\"ff_19_names_first_name_\" class=\"ff-el-form-control\" placeholder=\"Imi\u0119\" aria-invalid=\"false\" aria-required=false><\/div><\/div><\/div><div class='ff-t-cell '><div class='ff-el-group  ff-el-form-hide_label'><div class=\"ff-el-input--label asterisk-right\"><label for='ff_19_names_last_name_' id='label_ff_19_names_last_name_' >Last Name<\/label><\/div><div class='ff-el-input--content'><input type=\"text\" name=\"names[last_name]\" id=\"ff_19_names_last_name_\" class=\"ff-el-form-control\" placeholder=\"Nazwisko\" aria-invalid=\"false\" aria-required=false><\/div><\/div><\/div><\/div><\/div><div class='ff-el-group ff-el-form-hide_label'><div class=\"ff-el-input--label ff-el-is-required asterisk-right\"><label for='ff_19_email' id='label_ff_19_email' aria-label=\"Email\">Email<\/label><\/div><div class='ff-el-input--content'><input type=\"email\" name=\"email\" id=\"ff_19_email\" class=\"ff-el-form-control font-text\" placeholder=\"Adres e-mail\" data-name=\"email\"  aria-invalid=\"false\" aria-required=true><\/div><\/div><div class='ff-el-group ff-el-form-hide_label'><div class=\"ff-el-input--label asterisk-right\"><label for='ff_19_Company_name' id='label_ff_19_Company_name' >Company name<\/label><\/div><div class='ff-el-input--content'><input type=\"text\" name=\"Company_name\" class=\"ff-el-form-control font-text\" placeholder=\"Nazwa firmy\" data-name=\"Company_name\" id=\"ff_19_Company_name\"  aria-invalid=\"false\" aria-required=false><\/div><\/div><div class='ff-el-group ff-el-form-hide_label'><div class=\"ff-el-input--label asterisk-right\"><label for='ff_19_phone' id='label_ff_19_phone' aria-label=\"Phone\/Mobile\">Phone\/Mobile<\/label><\/div><div class='ff-el-input--content'><input name=\"phone\" class=\"ff-el-form-control ff-el-phone\" type=\"tel\" placeholder=\"Numer telefonu\" data-name=\"phone\" id=\"ff_19_phone\" inputmode=\"tel\"  aria-invalid='false' aria-required=false><\/div><\/div><div class='ff-el-group ff-el-form-hide_label'><div class=\"ff-el-input--label ff-el-is-required asterisk-right\"><label for='ff_19_message' id='label_ff_19_message' aria-label=\"Your Message\">Your Message<\/label><\/div><div class='ff-el-input--content'><textarea aria-required=\"true\" aria-labelledby=\"label_ff_19_message\" name=\"message\" id=\"ff_19_message\" class=\"ff-el-form-control font-text\" placeholder=\"Opowiedz nam o swojej firmie i kiedy chcia\u0142by\u015b mie\u0107 swoje demo.\" rows=\"4\" cols=\"2\" maxlength=\"500\" data-name=\"message\" ><\/textarea><\/div><\/div><div class='ff-el-group  font-text color-white  ff-el-input--content'><div class='ff-el-form-check ff-el-tc'><label aria-label='Terms and Conditions: przeczyta\u0142em i akceptuj\u0119 Polityka prywatno\u015bci Contains 1 link. Use tab navigation to review.' class='ff-el-form-check-label ff_tc_label' for=gdpr-agreement_8059dd056d8bf4803b034d6b2a883843><span class='ff_tc_checkbox'><input type=\"checkbox\" name=\"gdpr-agreement\" class=\"ff-el-form-check-input ff_gdpr_field\" data-name=\"gdpr-agreement\" id=\"gdpr-agreement_8059dd056d8bf4803b034d6b2a883843\"  value='on' aria-invalid='false' aria-required=true><\/span> <div class='ff_t_c'>przeczyta\u0142em i akceptuj\u0119 <a href=\"https:\/\/lawwwing.com\/documents\/60686d7b-359b-4a2c-bcf8-4b7be6fe70e0\/privacy-policy\/en\/\" target=\"_blank\">Polityka prywatno\u015bci<\/a><\/div><\/label><\/div><\/div><div class='ff-el-group ' ><div class='ff-el-input--content'><div data-fluent_id='19' name='g-recaptcha-response'><div\n\t\tdata-sitekey='6LcVkgwqAAAAAK8WM3thQOgMNZrq0YHtmT5mWHYR'\n\t\tid='fluentform-recaptcha-19-1'\n\t\tclass='ff-el-recaptcha g-recaptcha'\n\t\tdata-callback='fluentFormrecaptchaSuccessCallback'><\/div><\/div><\/div><\/div><div class='ff-el-group ff-text-right ff_submit_btn_wrapper'><button type=\"submit\" class=\"ff-btn ff-btn-submit ff-btn-lg ff_btn_style wpf_has_custom_css\"  aria-label=\"Sk\u0142ada\u0107\">Sk\u0142ada\u0107<\/button><\/div><\/fieldset><\/form><div id='fluentform_19_errors' class='ff-errors-in-stack ff_form_instance_19_1 ff-form-loading_errors ff_form_instance_19_1_errors'><\/div><\/div>            <script type=\"text\/javascript\">\n                window.fluent_form_ff_form_instance_19_1 = {\"id\":\"19\",\"settings\":{\"layout\":{\"labelPlacement\":\"top\",\"helpMessagePlacement\":\"with_label\",\"errorMessagePlacement\":\"inline\",\"cssClassName\":\"\",\"asteriskPlacement\":\"asterisk-right\"},\"restrictions\":{\"denyEmptySubmission\":{\"enabled\":false}}},\"form_instance\":\"ff_form_instance_19_1\",\"form_id_selector\":\"fluentform_19\",\"rules\":{\"names[first_name]\":{\"required\":{\"value\":false,\"message\":\"This field is required\",\"global\":false,\"global_message\":\"This field is required\"}},\"names[middle_name]\":{\"required\":{\"value\":false,\"message\":\"This field is required\",\"global\":false,\"global_message\":\"This field is required\"}},\"names[last_name]\":{\"required\":{\"value\":false,\"message\":\"This field is required\",\"global\":false,\"global_message\":\"This field is required\"}},\"email\":{\"required\":{\"value\":true,\"message\":\"This field is required\",\"global\":false,\"global_message\":\"This field is required\"},\"email\":{\"value\":true,\"message\":\"This field must contain a valid email\",\"global\":false,\"global_message\":\"This field must contain a valid email\"}},\"Company_name\":{\"required\":{\"value\":false,\"message\":\"This field is required\",\"global\":false,\"global_message\":\"This field is required\"}},\"phone\":{\"required\":{\"value\":false,\"message\":\"This field is required\",\"global\":false,\"global_message\":\"This field is required\"},\"valid_phone_number\":{\"value\":false,\"message\":\"Phone number is not valid\",\"global\":false,\"global_message\":\"Phone number is not valid\"}},\"message\":{\"required\":{\"value\":true,\"message\":\"This field is required\",\"global\":false,\"global_message\":\"This field is required\"}},\"gdpr-agreement\":{\"required\":{\"value\":true,\"message\":\"This field is required\",\"global\":false,\"global_message\":\"This field is required\"}}},\"debounce_time\":300};\n                            <\/script>\n            <\/div><div id=\"code_block-11-13161\" class=\"ct-code-block\" ><\/div><\/div><\/div><\/div><\/div>\n            <\/div>\n        ","protected":false},"excerpt":{"rendered":"","protected":false},"author":2,"featured_media":0,"parent":0,"menu_order":0,"comment_status":"closed","ping_status":"closed","template":"","meta":{"_acf_changed":false,"_bbp_topic_count":0,"_bbp_reply_count":0,"_bbp_total_topic_count":0,"_bbp_total_reply_count":0,"_bbp_voice_count":0,"_bbp_anonymous_reply_count":0,"_bbp_topic_count_hidden":0,"_bbp_reply_count_hidden":0,"_bbp_forum_subforum_count":0,"_lmt_disableupdate":"","_lmt_disable":"","footnotes":""},"class_list":["post-12836","page","type-page","status-publish","hentry"],"acf":[],"_links":{"self":[{"href":"https:\/\/mooveteam.com\/pl\/wp-json\/wp\/v2\/pages\/12836","targetHints":{"allow":["GET"]}}],"collection":[{"href":"https:\/\/mooveteam.com\/pl\/wp-json\/wp\/v2\/pages"}],"about":[{"href":"https:\/\/mooveteam.com\/pl\/wp-json\/wp\/v2\/types\/page"}],"author":[{"embeddable":true,"href":"https:\/\/mooveteam.com\/pl\/wp-json\/wp\/v2\/users\/2"}],"replies":[{"embeddable":true,"href":"https:\/\/mooveteam.com\/pl\/wp-json\/wp\/v2\/comments?post=12836"}],"version-history":[{"count":0,"href":"https:\/\/mooveteam.com\/pl\/wp-json\/wp\/v2\/pages\/12836\/revisions"}],"wp:attachment":[{"href":"https:\/\/mooveteam.com\/pl\/wp-json\/wp\/v2\/media?parent=12836"}],"curies":[{"name":"wp","href":"https:\/\/api.w.org\/{rel}","templated":true}]}}