
{"id":12900,"date":"2022-08-23T12:06:58","date_gmt":"2022-08-23T10:06:58","guid":{"rendered":"https:\/\/mooveteam.com\/sobre-nosotros\/"},"modified":"2025-07-07T15:14:22","modified_gmt":"2025-07-07T13:14:22","slug":"a-propos-de-nous","status":"publish","type":"page","link":"https:\/\/mooveteam.com\/fr\/a-propos-de-nous\/","title":{"rendered":"\u00c0 propos de nous"},"content":{"rendered":"<section id=\"section-14-303\" class=\" ct-section scroll-scale-down overflow-hidden\" ><div class=\"ct-section-inner-wrap\"><div id=\"div_block-25-303\" class=\"ct-div-block w-full p-pagina bg-alt hero-animation py-12\" ><div id=\"div_block-15-303\" class=\"ct-div-block w-full grid grid-cols-2 gap-8 items-center md-grid-cols-1 max-w-page mx-auto\" ><div id=\"div_block-16-303\" class=\"ct-div-block \" ><h1 id=\"headline-18-303\" class=\"ct-headline mb-6 font-semibold color-primary text-4xl\">Fabriqu\u00e9 avec amour \u00e0 Barcelone<\/h1><div id=\"_rich_text-27-303\" class=\"oxy-rich-text color-extra-color-4\" ><p><span style=\"white-space: pre-wrap;\">Notre &eacute;quipe principale est compos&eacute;e d'individus intelligents, non conventionnels et cr&eacute;atifs qui souhaitent faire la diff&eacute;rence pour nos partenaires et cr&eacute;er des exp&eacute;riences exceptionnelles pour nos utilisateurs.<\/span><\/p><\/div><\/div><img decoding=\"async\"  id=\"image-23-303\" alt=\"\" src=\"https:\/\/mooveteam.com\/wp-content\/uploads\/2022\/08\/hero-about.svg\" class=\"ct-image object-contain md-order-first lg-order-first my-auto\"\/><\/div><\/div><\/div><\/section>\n\n<section id=\"whats-mooveteam\" class=\" ct-section bg-white pb-12 overflow-hidden\" ><div class=\"ct-section-inner-wrap\"><div id=\"div_block-33-34\" class=\"ct-div-block w-full grid gap-8 grid-cols-2 md-grid-cols-1\" ><div id=\"div_block-34-34\" class=\"ct-div-block \" ><img decoding=\"async\"  id=\"image-16-117\" alt=\"\" src=\"https:\/\/mooveteam.com\/wp-content\/uploads\/2022\/08\/We-are-an-innovation-driven-company.jpg\" class=\"ct-image zoom-out-right\"\/><\/div><div id=\"div_block-38-34\" class=\"ct-div-block \" ><h2 id=\"text_block-42-34\" class=\"ct-text-block mt-0 fade-down text-base font-normal mb-4\" >Nous sommes une entreprise ax\u00e9e sur l'innovation<\/h2><div id=\"div_block-574-34\" class=\"ct-div-block mb-4 flip-right\" ><\/div><h3 id=\"headline-35-34\" class=\"ct-headline text-3xl mb-4 font-semibold color-primary fade-right\">Motivant les personnes depuis 2012<\/h3><div id=\"_rich_text-17-117\" class=\"oxy-rich-text color-paragraph mb-4 fade-up\" ><p><span style=\"white-space: pre-wrap;\">Notre &eacute;quipe est passionn&eacute;e et exp&eacute;riment&eacute;e et aime cr&eacute;er de nouvelles choses quotidiennement. Nous sommes une &eacute;quipe avec plus de 20 ans d'exp&eacute;rience dans le domaine de la technologie, de l'exploration et de la cr&eacute;ativit&eacute;. Depuis notre si&egrave;ge social bas&eacute; &agrave; Barcelone, nous organisons des &eacute;v&eacute;nements dans des villes du monde entier. Tout a commenc&eacute; avec quatre amis prenant un caf&eacute;, discutant de la possibilit&eacute; de combiner technologie, cr&eacute;ativit&eacute; et Team Building.<\/span><\/p>\n<p><span style=\"white-space: pre-wrap;\">La premi&egrave;re id&eacute;e &eacute;tait de cr&eacute;er une plate-forme simple pour organiser des id&eacute;es et structurer des &eacute;v&eacute;nements de mani&egrave;re ordonn&eacute;e. Apr&egrave;s cela, nous avons r&eacute;alis&eacute; que nous pouvions faire beaucoup plus, alors nous avons d&eacute;cid&eacute; de faciliter la cr&eacute;ation de chasses au tr&eacute;sor interactives pour iPad.<\/span><\/p><\/div><\/div><\/div><\/div><\/section>\n\n<section id=\"section-3-11551\" class=\" ct-section \" ><div class=\"ct-section-inner-wrap\"><h2 id=\"headline-4-11551\" class=\"ct-headline text-2xl mx-auto mb-2 color-primary\">Nous construisons des exp\u00e9riences<\/h2><div id=\"_rich_text-6-11551\" class=\"oxy-rich-text mx-auto mb-16\" ><p style=\"text-align: center;\">Si vous demandez &agrave; un membre de l'&eacute;quipe pourquoi il aime son travail, vous entendrez une variation de :<\/p>\n<p style=\"text-align: center;\"><span style=\"color: #e1424c;\">&ldquo;<\/span><span style=\"color: #e1424c;\"><span style=\"color: #536ba1;\"><strong>J'aime d&eacute;velopper des produits qui g&eacute;n&egrave;rent cet effet WOW sur les gens.<\/strong><\/span><span style=\"color: #e1424c;\">&rdquo;<\/span><\/span><\/p>\n<p style=\"text-align: center;\">Avec moove, nous fournissons &agrave; nos partenaires des outils qui leur permettent d'utiliser des gadgets accessibles pour produire des activit&eacute;s qui g&eacute;n&egrave;rent cet effet WOW pour leurs clients.<\/p><\/div><div id=\"div_block-7-11551\" class=\"ct-div-block grid grid-cols-2 gap-8 lg-grid-cols-1 w-full\" ><div id=\"div_block-8-11551\" class=\"ct-div-block\" ><img decoding=\"async\"  id=\"image-10-11551\" alt=\"\" src=\"https:\/\/mooveteam.com\/wp-content\/uploads\/2022\/08\/We-build-experiences-1.jpg\" class=\"ct-image w-full object-cover\"\/><\/div><div id=\"div_block-9-11551\" class=\"ct-div-block\" ><img decoding=\"async\"  id=\"image-11-11551\" alt=\"\" src=\"https:\/\/mooveteam.com\/wp-content\/uploads\/2022\/08\/We-build-experiences-2.jpg\" class=\"ct-image w-full object-cover\"\/><\/div><\/div><\/div><\/section>\n\n<section style=\"background-image: url(https:\/\/brucdesign.com\/web\/mooveteam\/wp-content\/uploads\/2022\/07\/bg-2.svg);background-size: cover;background-repeat: no-repeat;background-color: #536ba1;background-position: 50% 50%;\"class=\"ct-section centered py-12 w-full\">\r\n   <div class=\"ct-section-inner-wrap\">\r\n      <div class=\"ct-div-block w-5by6 md-w-full\">\r\n                  <h2 class=\"ct-headline color-white font-semibold mx-auto mb-2\">Simple, ludique et innovant<\/h2>\r\n                           <p  class=\"ct-text-block mx-auto mb-16 color-white\">Am\u00e9liorez l&#039;exp\u00e9rience de vos clients en cr\u00e9ant des jeux interactifs g\u00e9olocalis\u00e9s en int\u00e9rieur et en ext\u00e9rieur<\/p>\r\n         \r\n            <div class=\"w-full\">\r\n               <div class=\"embed-container\">\r\n\t               <iframe loading=\"lazy\" title=\"MooveTeam Presentation\" width=\"640\" height=\"360\" src=\"https:\/\/www.youtube.com\/embed\/AFN4mvWExGo?feature=oembed\" frameborder=\"0\" allow=\"accelerometer; autoplay; clipboard-write; encrypted-media; gyroscope; picture-in-picture; web-share\" referrerpolicy=\"strict-origin-when-cross-origin\" allowfullscreen><\/iframe>               <\/div>\r\n            <\/div>\r\n\r\n      <\/div>\r\n   <\/div>\r\n<\/section>\n\n\n<section id=\"our-vision\" class=\" ct-section bg-white pb-12\" ><div class=\"ct-section-inner-wrap\"><div id=\"div_block-33-341\" class=\"ct-div-block w-full grid gap-8 grid-cols-2 md-grid-cols-1\" ><div id=\"div_block-34-341\" class=\"ct-div-block \" ><img decoding=\"async\"  id=\"image-9-11547\" alt=\"\" src=\"https:\/\/mooveteam.com\/wp-content\/uploads\/2022\/08\/Our-Vision.jpg\" class=\"ct-image w-full\"\/><\/div><div id=\"div_block-38-34-1\" class=\"ct-div-block my-auto\" ><h2 id=\"headline-35-34-1\" class=\"ct-headline text-3xl mb-4 font-semibold color-primary fade-right\">Notre vision<\/h2><div id=\"_rich_text-17-117-1\" class=\"oxy-rich-text color-paragraph mb-4 fade-up\" ><p>Notre vision est d'utiliser la technologie pour cr&eacute;er des exp&eacute;riences significatives pour nos utilisateurs. Leur permettant de s'engager dans des activit&eacute;s d'&eacute;quipe amusantes qui leur apporteront le meilleur. Au-del&agrave; de cela, nous voulons aider les agences et les professionnels du monde entier &agrave; cr&eacute;er ces exp&eacute;riences.<\/p><\/div><\/div><\/div><\/div><\/section>","protected":false},"excerpt":{"rendered":"","protected":false},"author":2,"featured_media":0,"parent":0,"menu_order":0,"comment_status":"closed","ping_status":"closed","template":"","meta":{"_acf_changed":false,"_bbp_topic_count":0,"_bbp_reply_count":0,"_bbp_total_topic_count":0,"_bbp_total_reply_count":0,"_bbp_voice_count":0,"_bbp_anonymous_reply_count":0,"_bbp_topic_count_hidden":0,"_bbp_reply_count_hidden":0,"_bbp_forum_subforum_count":0,"_lmt_disableupdate":"","_lmt_disable":"","footnotes":""},"class_list":["post-12900","page","type-page","status-publish","hentry"],"acf":[],"_links":{"self":[{"href":"https:\/\/mooveteam.com\/fr\/wp-json\/wp\/v2\/pages\/12900","targetHints":{"allow":["GET"]}}],"collection":[{"href":"https:\/\/mooveteam.com\/fr\/wp-json\/wp\/v2\/pages"}],"about":[{"href":"https:\/\/mooveteam.com\/fr\/wp-json\/wp\/v2\/types\/page"}],"author":[{"embeddable":true,"href":"https:\/\/mooveteam.com\/fr\/wp-json\/wp\/v2\/users\/2"}],"replies":[{"embeddable":true,"href":"https:\/\/mooveteam.com\/fr\/wp-json\/wp\/v2\/comments?post=12900"}],"version-history":[{"count":1,"href":"https:\/\/mooveteam.com\/fr\/wp-json\/wp\/v2\/pages\/12900\/revisions"}],"predecessor-version":[{"id":19342,"href":"https:\/\/mooveteam.com\/fr\/wp-json\/wp\/v2\/pages\/12900\/revisions\/19342"}],"wp:attachment":[{"href":"https:\/\/mooveteam.com\/fr\/wp-json\/wp\/v2\/media?parent=12900"}],"curies":[{"name":"wp","href":"https:\/\/api.w.org\/{rel}","templated":true}]}}